{"id":337,"date":"2022-06-29T00:54:11","date_gmt":"2022-06-29T00:54:11","guid":{"rendered":"https:\/\/gygasesoriajuridica.com\/website\/?page_id=337"},"modified":"2022-08-02T01:12:48","modified_gmt":"2022-08-02T01:12:48","slug":"derecho-civil","status":"publish","type":"page","link":"https:\/\/gygasesoriajuridica.com\/website\/derecho-civil\/","title":{"rendered":"Derecho Civil"},"content":{"rendered":"\t\t<div data-elementor-type=\"wp-page\" data-elementor-id=\"337\" class=\"elementor elementor-337\" data-elementor-settings=\"{&quot;ha_cmc_init_switcher&quot;:&quot;no&quot;}\">\n\t\t\t\t\t\t<section class=\"has_eae_slider elementor-section elementor-top-section elementor-element elementor-element-8d574a4 elementor-section-height-min-height elementor-section-boxed elementor-section-height-default elementor-section-items-middle\" data-eae-slider=\"88817\" data-id=\"8d574a4\" data-element_type=\"section\" data-settings=\"{&quot;_ha_eqh_enable&quot;:false}\">\n\t\t\t\t\t\t\t<div class=\"elementor-background-overlay\"><\/div>\n\t\t\t\t\t\t\t<div class=\"elementor-container elementor-column-gap-default\">\n\t\t\t\t\t<div class=\"has_eae_slider elementor-column elementor-col-100 elementor-top-column elementor-element elementor-element-40ba91a\" data-eae-slider=\"28041\" data-id=\"40ba91a\" data-element_type=\"column\">\n\t\t\t<div class=\"elementor-widget-wrap elementor-element-populated\">\n\t\t\t\t\t\t<div class=\"elementor-element elementor-element-5f22939 elementor-widget elementor-widget-heading\" data-id=\"5f22939\" data-element_type=\"widget\" data-widget_type=\"heading.default\">\n\t\t\t\t<div class=\"elementor-widget-container\">\n\t\t\t\t\t<h2 class=\"elementor-heading-title elementor-size-default\">Derecho Civil<\/h2>\t\t\t\t<\/div>\n\t\t\t\t<\/div>\n\t\t\t\t<div class=\"elementor-element elementor-element-355002b elementor-widget-divider--view-line elementor-widget elementor-widget-divider\" data-id=\"355002b\" data-element_type=\"widget\" data-widget_type=\"divider.default\">\n\t\t\t\t<div class=\"elementor-widget-container\">\n\t\t\t\t\t\t\t<div class=\"elementor-divider\">\n\t\t\t<span class=\"elementor-divider-separator\">\n\t\t\t\t\t\t<\/span>\n\t\t<\/div>\n\t\t\t\t\t\t<\/div>\n\t\t\t\t<\/div>\n\t\t\t\t<section class=\"has_eae_slider elementor-section elementor-inner-section elementor-element elementor-element-85dca98 elementor-section-boxed elementor-section-height-default elementor-section-height-default\" data-eae-slider=\"30266\" data-id=\"85dca98\" data-element_type=\"section\" data-settings=\"{&quot;background_background&quot;:&quot;classic&quot;,&quot;_ha_eqh_enable&quot;:false}\">\n\t\t\t\t\t\t<div class=\"elementor-container elementor-column-gap-default\">\n\t\t\t\t\t<div class=\"has_eae_slider elementor-column elementor-col-100 elementor-inner-column elementor-element elementor-element-bd7ac4f\" data-eae-slider=\"19214\" data-id=\"bd7ac4f\" data-element_type=\"column\">\n\t\t\t<div class=\"elementor-widget-wrap elementor-element-populated\">\n\t\t\t\t\t\t<div class=\"elementor-element elementor-element-77a0bd7 elementor-widget elementor-widget-heading\" data-id=\"77a0bd7\" data-element_type=\"widget\" data-widget_type=\"heading.default\">\n\t\t\t\t<div class=\"elementor-widget-container\">\n\t\t\t\t\t<h2 class=\"elementor-heading-title elementor-size-default\">Demandas de Responsabilidad Civil Contractual y Extracontractual<\/h2>\t\t\t\t<\/div>\n\t\t\t\t<\/div>\n\t\t\t\t<div class=\"elementor-element elementor-element-e339b6c ha-has-bg-overlay elementor-widget elementor-widget-heading\" data-id=\"e339b6c\" data-element_type=\"widget\" data-widget_type=\"heading.default\">\n\t\t\t\t<div class=\"elementor-widget-container\">\n\t\t\t\t\t<h2 class=\"elementor-heading-title elementor-size-default\">Nuestra firma cuenta con amplia experiencia y trayectoria en procesos de responsabilidad civil contractual y extracontractual, derivados de seguros de da\u00f1os, contando a la fecha con casos exitosos tanto judicial como extrajudicialmente. En esta \u00e1rea contamos con la asesor\u00eda de abogados especializados.<\/h2>\t\t\t\t<\/div>\n\t\t\t\t<\/div>\n\t\t\t\t\t<\/div>\n\t\t<\/div>\n\t\t\t\t\t<\/div>\n\t\t<\/section>\n\t\t\t\t<div class=\"elementor-element elementor-element-743e2b9 elementor-align-center elementor-widget elementor-widget-button\" data-id=\"743e2b9\" data-element_type=\"widget\" data-widget_type=\"button.default\">\n\t\t\t\t<div class=\"elementor-widget-container\">\n\t\t\t\t\t\t\t\t\t<div class=\"elementor-button-wrapper\">\n\t\t\t\t\t<a class=\"elementor-button elementor-button-link elementor-size-sm elementor-animation-grow\" href=\"https:\/\/gygasesoriajuridica.com\/website\/contacto\/\">\n\t\t\t\t\t\t<span class=\"elementor-button-content-wrapper\">\n\t\t\t\t\t\t\t\t\t<span class=\"elementor-button-text\">Contactanos<\/span>\n\t\t\t\t\t<\/span>\n\t\t\t\t\t<\/a>\n\t\t\t\t<\/div>\n\t\t\t\t\t\t\t\t<\/div>\n\t\t\t\t<\/div>\n\t\t\t\t\t<\/div>\n\t\t<\/div>\n\t\t\t\t\t<\/div>\n\t\t<\/section>\n\t\t\t\t<section class=\"has_eae_slider elementor-section elementor-top-section elementor-element elementor-element-0d69641 elementor-section-boxed elementor-section-height-default elementor-section-height-default\" data-eae-slider=\"44926\" data-id=\"0d69641\" data-element_type=\"section\" data-settings=\"{&quot;_ha_eqh_enable&quot;:false}\">\n\t\t\t\t\t\t<div class=\"elementor-container elementor-column-gap-default\">\n\t\t\t\t\t<div class=\"has_eae_slider elementor-column elementor-col-100 elementor-top-column elementor-element elementor-element-127fdbc\" data-eae-slider=\"62649\" data-id=\"127fdbc\" data-element_type=\"column\">\n\t\t\t<div class=\"elementor-widget-wrap elementor-element-populated\">\n\t\t\t\t\t\t<div class=\"elementor-element elementor-element-c352021 elementor-widget elementor-widget-ha-justified-gallery happy-addon ha-justified-gallery\" data-id=\"c352021\" data-element_type=\"widget\" data-settings=\"{&quot;row_height&quot;:{&quot;unit&quot;:&quot;px&quot;,&quot;size&quot;:150,&quot;sizes&quot;:[]},&quot;margins&quot;:{&quot;unit&quot;:&quot;px&quot;,&quot;size&quot;:10,&quot;sizes&quot;:[]},&quot;last_row&quot;:&quot;justify&quot;,&quot;enable_popup&quot;:&quot;yes&quot;}\" data-widget_type=\"ha-justified-gallery.default\">\n\t\t\t\t<div class=\"elementor-widget-container\">\n\t\t\t\t\t\n\t\t<div class=\"ha-justified-grid__wrap hajs-justified-grid\">\n\t\t\t\t\t\t\t<a href=\"#\" data-mfp-src=\"https:\/\/gygasesoriajuridica.com\/website\/wp-content\/uploads\/2022\/07\/civil_5.jpg\" class=\"ha-justified-grid__item ha-js-lightbox __fltr-1\" title=\"\">\n\t\t\t\t\t<img fetchpriority=\"high\" decoding=\"async\" width=\"600\" height=\"600\" src=\"https:\/\/gygasesoriajuridica.com\/website\/wp-content\/uploads\/2022\/07\/civil_5.jpg\" class=\"elementor-animation-grow\" alt=\"\" srcset=\"https:\/\/gygasesoriajuridica.com\/website\/wp-content\/uploads\/2022\/07\/civil_5.jpg 600w, https:\/\/gygasesoriajuridica.com\/website\/wp-content\/uploads\/2022\/07\/civil_5-300x300.jpg 300w, https:\/\/gygasesoriajuridica.com\/website\/wp-content\/uploads\/2022\/07\/civil_5-150x150.jpg 150w\" sizes=\"(max-width: 600px) 100vw, 600px\" \/>\t\t\t\t<\/a>\n\t\t\t\t\t\t\t<a href=\"#\" data-mfp-src=\"https:\/\/gygasesoriajuridica.com\/website\/wp-content\/uploads\/2022\/07\/civil_4.jpg\" class=\"ha-justified-grid__item ha-js-lightbox __fltr-1\" title=\"\">\n\t\t\t\t\t<img decoding=\"async\" width=\"600\" height=\"600\" src=\"https:\/\/gygasesoriajuridica.com\/website\/wp-content\/uploads\/2022\/07\/civil_4.jpg\" class=\"elementor-animation-grow\" alt=\"\" srcset=\"https:\/\/gygasesoriajuridica.com\/website\/wp-content\/uploads\/2022\/07\/civil_4.jpg 600w, https:\/\/gygasesoriajuridica.com\/website\/wp-content\/uploads\/2022\/07\/civil_4-300x300.jpg 300w, https:\/\/gygasesoriajuridica.com\/website\/wp-content\/uploads\/2022\/07\/civil_4-150x150.jpg 150w\" sizes=\"(max-width: 600px) 100vw, 600px\" \/>\t\t\t\t<\/a>\n\t\t\t\t\t\t\t<a href=\"#\" data-mfp-src=\"https:\/\/gygasesoriajuridica.com\/website\/wp-content\/uploads\/2022\/07\/civil_3.jpg\" class=\"ha-justified-grid__item ha-js-lightbox __fltr-1\" title=\"\">\n\t\t\t\t\t<img decoding=\"async\" width=\"600\" height=\"600\" src=\"https:\/\/gygasesoriajuridica.com\/website\/wp-content\/uploads\/2022\/07\/civil_3.jpg\" class=\"elementor-animation-grow\" alt=\"\" srcset=\"https:\/\/gygasesoriajuridica.com\/website\/wp-content\/uploads\/2022\/07\/civil_3.jpg 600w, https:\/\/gygasesoriajuridica.com\/website\/wp-content\/uploads\/2022\/07\/civil_3-300x300.jpg 300w, https:\/\/gygasesoriajuridica.com\/website\/wp-content\/uploads\/2022\/07\/civil_3-150x150.jpg 150w\" sizes=\"(max-width: 600px) 100vw, 600px\" \/>\t\t\t\t<\/a>\n\t\t\t\t\t<\/div>\n\n\t\t\t\t\t\t<\/div>\n\t\t\t\t<\/div>\n\t\t\t\t\t<\/div>\n\t\t<\/div>\n\t\t\t\t\t<\/div>\n\t\t<\/section>\n\t\t\t\t<\/div>\n\t\t","protected":false},"excerpt":{"rendered":"<p>Derecho Civil Demandas de Responsabilidad Civil Contractual y Extracontractual Nuestra firma cuenta con amplia experiencia y trayectoria en procesos de responsabilidad civil contractual y extracontractual, derivados de seguros de da\u00f1os, contando a la fecha con casos exitosos tanto judicial como extrajudicialmente. En esta \u00e1rea contamos con la asesor\u00eda de abogados especializados. Contactanos<\/p>\n","protected":false},"author":1,"featured_media":0,"parent":0,"menu_order":0,"comment_status":"closed","ping_status":"closed","template":"elementor_header_footer","meta":{"_joinchat":[],"footnotes":""},"class_list":["post-337","page","type-page","status-publish"],"_links":{"self":[{"href":"https:\/\/gygasesoriajuridica.com\/website\/wp-json\/wp\/v2\/pages\/337","targetHints":{"allow":["GET"]}}],"collection":[{"href":"https:\/\/gygasesoriajuridica.com\/website\/wp-json\/wp\/v2\/pages"}],"about":[{"href":"https:\/\/gygasesoriajuridica.com\/website\/wp-json\/wp\/v2\/types\/page"}],"author":[{"embeddable":true,"href":"https:\/\/gygasesoriajuridica.com\/website\/wp-json\/wp\/v2\/users\/1"}],"replies":[{"embeddable":true,"href":"https:\/\/gygasesoriajuridica.com\/website\/wp-json\/wp\/v2\/comments?post=337"}],"version-history":[{"count":86,"href":"https:\/\/gygasesoriajuridica.com\/website\/wp-json\/wp\/v2\/pages\/337\/revisions"}],"predecessor-version":[{"id":838,"href":"https:\/\/gygasesoriajuridica.com\/website\/wp-json\/wp\/v2\/pages\/337\/revisions\/838"}],"wp:attachment":[{"href":"https:\/\/gygasesoriajuridica.com\/website\/wp-json\/wp\/v2\/media?parent=337"}],"curies":[{"name":"wp","href":"https:\/\/api.w.org\/{rel}","templated":true}]}}