{"id":461,"date":"2022-06-29T01:27:27","date_gmt":"2022-06-29T01:27:27","guid":{"rendered":"https:\/\/gygasesoriajuridica.com\/website\/?page_id=461"},"modified":"2022-07-29T19:41:29","modified_gmt":"2022-07-29T19:41:29","slug":"derecho-penal","status":"publish","type":"page","link":"https:\/\/gygasesoriajuridica.com\/website\/derecho-penal\/","title":{"rendered":"Derecho Penal"},"content":{"rendered":"\t\t<div data-elementor-type=\"wp-page\" data-elementor-id=\"461\" class=\"elementor elementor-461\" data-elementor-settings=\"{&quot;ha_cmc_init_switcher&quot;:&quot;no&quot;}\">\n\t\t\t\t\t\t<section class=\"has_eae_slider elementor-section elementor-top-section elementor-element elementor-element-515637fd elementor-section-height-min-height elementor-section-boxed elementor-section-height-default elementor-section-items-middle\" data-eae-slider=\"61886\" data-id=\"515637fd\" data-element_type=\"section\" data-settings=\"{&quot;_ha_eqh_enable&quot;:false}\">\n\t\t\t\t\t\t\t<div class=\"elementor-background-overlay\"><\/div>\n\t\t\t\t\t\t\t<div class=\"elementor-container elementor-column-gap-default\">\n\t\t\t\t\t<div class=\"has_eae_slider elementor-column elementor-col-100 elementor-top-column elementor-element elementor-element-2bb7c443\" data-eae-slider=\"81365\" data-id=\"2bb7c443\" data-element_type=\"column\">\n\t\t\t<div class=\"elementor-widget-wrap elementor-element-populated\">\n\t\t\t\t\t\t<div class=\"elementor-element elementor-element-7d3ac4d4 elementor-widget elementor-widget-spacer\" data-id=\"7d3ac4d4\" data-element_type=\"widget\" data-widget_type=\"spacer.default\">\n\t\t\t\t<div class=\"elementor-widget-container\">\n\t\t\t\t\t\t\t<div class=\"elementor-spacer\">\n\t\t\t<div class=\"elementor-spacer-inner\"><\/div>\n\t\t<\/div>\n\t\t\t\t\t\t<\/div>\n\t\t\t\t<\/div>\n\t\t\t\t<div class=\"elementor-element elementor-element-cb83ca8 elementor-widget elementor-widget-heading\" data-id=\"cb83ca8\" data-element_type=\"widget\" data-widget_type=\"heading.default\">\n\t\t\t\t<div class=\"elementor-widget-container\">\n\t\t\t\t\t<h2 class=\"elementor-heading-title elementor-size-default\">Derecho Penal<\/h2>\t\t\t\t<\/div>\n\t\t\t\t<\/div>\n\t\t\t\t<div class=\"elementor-element elementor-element-9b09507 elementor-widget-divider--view-line elementor-widget elementor-widget-divider\" data-id=\"9b09507\" data-element_type=\"widget\" data-widget_type=\"divider.default\">\n\t\t\t\t<div class=\"elementor-widget-container\">\n\t\t\t\t\t\t\t<div class=\"elementor-divider\">\n\t\t\t<span class=\"elementor-divider-separator\">\n\t\t\t\t\t\t<\/span>\n\t\t<\/div>\n\t\t\t\t\t\t<\/div>\n\t\t\t\t<\/div>\n\t\t\t\t<div class=\"elementor-element elementor-element-647198e elementor-widget elementor-widget-spacer\" data-id=\"647198e\" data-element_type=\"widget\" data-widget_type=\"spacer.default\">\n\t\t\t\t<div class=\"elementor-widget-container\">\n\t\t\t\t\t\t\t<div class=\"elementor-spacer\">\n\t\t\t<div class=\"elementor-spacer-inner\"><\/div>\n\t\t<\/div>\n\t\t\t\t\t\t<\/div>\n\t\t\t\t<\/div>\n\t\t\t\t<section class=\"has_eae_slider elementor-section elementor-inner-section elementor-element elementor-element-23efa72f elementor-section-boxed elementor-section-height-default elementor-section-height-default elementor-invisible\" data-eae-slider=\"48000\" data-id=\"23efa72f\" data-element_type=\"section\" data-settings=\"{&quot;animation&quot;:&quot;fadeInUp&quot;,&quot;_ha_eqh_enable&quot;:false}\">\n\t\t\t\t\t\t<div class=\"elementor-container elementor-column-gap-default\">\n\t\t\t\t\t<div class=\"has_eae_slider elementor-column elementor-col-100 elementor-inner-column elementor-element elementor-element-635ce3e0\" data-eae-slider=\"54460\" data-id=\"635ce3e0\" data-element_type=\"column\" data-settings=\"{&quot;background_background&quot;:&quot;classic&quot;}\">\n\t\t\t<div class=\"elementor-widget-wrap elementor-element-populated\">\n\t\t\t\t\t\t<div class=\"elementor-element elementor-element-7a84829b elementor-widget elementor-widget-heading\" data-id=\"7a84829b\" data-element_type=\"widget\" data-widget_type=\"heading.default\">\n\t\t\t\t<div class=\"elementor-widget-container\">\n\t\t\t\t\t<h2 class=\"elementor-heading-title elementor-size-default\">Denuncia por el Delito de Lesiones Personales Culposas<\/h2>\t\t\t\t<\/div>\n\t\t\t\t<\/div>\n\t\t\t\t<div class=\"elementor-element elementor-element-3953f8ce ha-has-bg-overlay elementor-widget elementor-widget-heading\" data-id=\"3953f8ce\" data-element_type=\"widget\" data-widget_type=\"heading.default\">\n\t\t\t\t<div class=\"elementor-widget-container\">\n\t\t\t\t\t<h2 class=\"elementor-heading-title elementor-size-default\">Al suceder un accidente de tr\u00e1nsito y causarse lesiones a una de las partes, esta en calidad de v\u00edctima tiene derecho a dar inicio a un proceso penal a trav\u00e9s del cual se establezca la responsabilidad en el siniestro y a su vez, se garantice el pago de los da\u00f1os y perjuicios sufridos, tanto patrimoniales como extrapatrimoniales. En el entendido que es un delito querellable, es indispensable que se realice en el t\u00e9rmino legal de seis (06) meses contabilizados a partir de la fecha del accidente.<\/h2>\t\t\t\t<\/div>\n\t\t\t\t<\/div>\n\t\t\t\t\t<\/div>\n\t\t<\/div>\n\t\t\t\t\t<\/div>\n\t\t<\/section>\n\t\t\t\t<div class=\"elementor-element elementor-element-f9af1b0 elementor-widget elementor-widget-ha-justified-gallery happy-addon ha-justified-gallery\" data-id=\"f9af1b0\" data-element_type=\"widget\" data-settings=\"{&quot;row_height&quot;:{&quot;unit&quot;:&quot;px&quot;,&quot;size&quot;:150,&quot;sizes&quot;:[]},&quot;margins&quot;:{&quot;unit&quot;:&quot;px&quot;,&quot;size&quot;:10,&quot;sizes&quot;:[]},&quot;last_row&quot;:&quot;justify&quot;,&quot;enable_popup&quot;:&quot;yes&quot;}\" data-widget_type=\"ha-justified-gallery.default\">\n\t\t\t\t<div class=\"elementor-widget-container\">\n\t\t\t\t\t\n\t\t<div class=\"ha-justified-grid__wrap hajs-justified-grid\">\n\t\t\t\t\t\t\t<a href=\"#\" data-mfp-src=\"https:\/\/gygasesoriajuridica.com\/website\/wp-content\/uploads\/2022\/07\/DERECHO_1.jpg\" class=\"ha-justified-grid__item ha-js-lightbox __fltr-1\" title=\"\">\n\t\t\t\t\t<img fetchpriority=\"high\" decoding=\"async\" width=\"600\" height=\"600\" src=\"https:\/\/gygasesoriajuridica.com\/website\/wp-content\/uploads\/2022\/07\/DERECHO_1.jpg\" class=\"elementor-animation-grow\" alt=\"\" srcset=\"https:\/\/gygasesoriajuridica.com\/website\/wp-content\/uploads\/2022\/07\/DERECHO_1.jpg 600w, https:\/\/gygasesoriajuridica.com\/website\/wp-content\/uploads\/2022\/07\/DERECHO_1-300x300.jpg 300w, https:\/\/gygasesoriajuridica.com\/website\/wp-content\/uploads\/2022\/07\/DERECHO_1-150x150.jpg 150w\" sizes=\"(max-width: 600px) 100vw, 600px\" \/>\t\t\t\t<\/a>\n\t\t\t\t\t\t\t<a href=\"#\" data-mfp-src=\"https:\/\/gygasesoriajuridica.com\/website\/wp-content\/uploads\/2022\/07\/DERECHO_2.jpg\" class=\"ha-justified-grid__item ha-js-lightbox __fltr-1\" title=\"\">\n\t\t\t\t\t<img decoding=\"async\" width=\"600\" height=\"600\" src=\"https:\/\/gygasesoriajuridica.com\/website\/wp-content\/uploads\/2022\/07\/DERECHO_2.jpg\" class=\"elementor-animation-grow\" alt=\"\" srcset=\"https:\/\/gygasesoriajuridica.com\/website\/wp-content\/uploads\/2022\/07\/DERECHO_2.jpg 600w, https:\/\/gygasesoriajuridica.com\/website\/wp-content\/uploads\/2022\/07\/DERECHO_2-300x300.jpg 300w, https:\/\/gygasesoriajuridica.com\/website\/wp-content\/uploads\/2022\/07\/DERECHO_2-150x150.jpg 150w\" sizes=\"(max-width: 600px) 100vw, 600px\" \/>\t\t\t\t<\/a>\n\t\t\t\t\t\t\t<a href=\"#\" data-mfp-src=\"https:\/\/gygasesoriajuridica.com\/website\/wp-content\/uploads\/2022\/07\/DERECHO_3.jpg\" class=\"ha-justified-grid__item ha-js-lightbox __fltr-1\" title=\"\">\n\t\t\t\t\t<img decoding=\"async\" width=\"600\" height=\"600\" src=\"https:\/\/gygasesoriajuridica.com\/website\/wp-content\/uploads\/2022\/07\/DERECHO_3.jpg\" class=\"elementor-animation-grow\" alt=\"\" srcset=\"https:\/\/gygasesoriajuridica.com\/website\/wp-content\/uploads\/2022\/07\/DERECHO_3.jpg 600w, https:\/\/gygasesoriajuridica.com\/website\/wp-content\/uploads\/2022\/07\/DERECHO_3-300x300.jpg 300w, https:\/\/gygasesoriajuridica.com\/website\/wp-content\/uploads\/2022\/07\/DERECHO_3-150x150.jpg 150w\" sizes=\"(max-width: 600px) 100vw, 600px\" \/>\t\t\t\t<\/a>\n\t\t\t\t\t<\/div>\n\n\t\t\t\t\t\t<\/div>\n\t\t\t\t<\/div>\n\t\t\t\t<section class=\"has_eae_slider elementor-section elementor-inner-section elementor-element elementor-element-5038bc6a elementor-section-boxed elementor-section-height-default elementor-section-height-default elementor-invisible\" data-eae-slider=\"29436\" data-id=\"5038bc6a\" data-element_type=\"section\" data-settings=\"{&quot;animation&quot;:&quot;fadeInUp&quot;,&quot;_ha_eqh_enable&quot;:false}\">\n\t\t\t\t\t\t<div class=\"elementor-container elementor-column-gap-default\">\n\t\t\t\t\t<div class=\"has_eae_slider elementor-column elementor-col-100 elementor-inner-column elementor-element elementor-element-4b1c89be\" data-eae-slider=\"73042\" data-id=\"4b1c89be\" data-element_type=\"column\" data-settings=\"{&quot;background_background&quot;:&quot;classic&quot;}\">\n\t\t\t<div class=\"elementor-widget-wrap elementor-element-populated\">\n\t\t\t\t\t\t<div class=\"elementor-element elementor-element-454c7202 elementor-widget elementor-widget-heading\" data-id=\"454c7202\" data-element_type=\"widget\" data-widget_type=\"heading.default\">\n\t\t\t\t<div class=\"elementor-widget-container\">\n\t\t\t\t\t<h2 class=\"elementor-heading-title elementor-size-default\">Proceso Penal por Lesiones Personales Culposas<\/h2>\t\t\t\t<\/div>\n\t\t\t\t<\/div>\n\t\t\t\t<div class=\"elementor-element elementor-element-4556e994 ha-has-bg-overlay elementor-widget elementor-widget-heading\" data-id=\"4556e994\" data-element_type=\"widget\" data-widget_type=\"heading.default\">\n\t\t\t\t<div class=\"elementor-widget-container\">\n\t\t\t\t\t<h2 class=\"elementor-heading-title elementor-size-default\">En el entendido de la denuncia interpuesta por el delito de lesiones personales culposas fruto de un accidente de tr\u00e1nsito, nuestra firma tramitar\u00e1 el proceso penal en su totalidad, agotando todas y cada una de las audiencias a trav\u00e9s de las cuales avance dicho proceso y hasta su culminaci\u00f3n, bien sea, sentencia o acuerdo, donde se obtenga la reparaci\u00f3n integral pertinente.<\/h2>\t\t\t\t<\/div>\n\t\t\t\t<\/div>\n\t\t\t\t\t<\/div>\n\t\t<\/div>\n\t\t\t\t\t<\/div>\n\t\t<\/section>\n\t\t\t\t<div class=\"elementor-element elementor-element-6e0bf49 elementor-widget elementor-widget-ha-justified-gallery happy-addon ha-justified-gallery\" data-id=\"6e0bf49\" data-element_type=\"widget\" data-settings=\"{&quot;row_height&quot;:{&quot;unit&quot;:&quot;px&quot;,&quot;size&quot;:150,&quot;sizes&quot;:[]},&quot;margins&quot;:{&quot;unit&quot;:&quot;px&quot;,&quot;size&quot;:10,&quot;sizes&quot;:[]},&quot;last_row&quot;:&quot;justify&quot;,&quot;enable_popup&quot;:&quot;yes&quot;}\" data-widget_type=\"ha-justified-gallery.default\">\n\t\t\t\t<div class=\"elementor-widget-container\">\n\t\t\t\t\t\n\t\t<div class=\"ha-justified-grid__wrap hajs-justified-grid\">\n\t\t\t\t\t\t\t<a href=\"#\" data-mfp-src=\"https:\/\/gygasesoriajuridica.com\/website\/wp-content\/uploads\/2022\/07\/juicio_1.jpg\" class=\"ha-justified-grid__item ha-js-lightbox __fltr-1\" title=\"\">\n\t\t\t\t\t<img loading=\"lazy\" decoding=\"async\" width=\"600\" height=\"600\" src=\"https:\/\/gygasesoriajuridica.com\/website\/wp-content\/uploads\/2022\/07\/juicio_1.jpg\" class=\"elementor-animation-grow\" alt=\"\" srcset=\"https:\/\/gygasesoriajuridica.com\/website\/wp-content\/uploads\/2022\/07\/juicio_1.jpg 600w, https:\/\/gygasesoriajuridica.com\/website\/wp-content\/uploads\/2022\/07\/juicio_1-300x300.jpg 300w, https:\/\/gygasesoriajuridica.com\/website\/wp-content\/uploads\/2022\/07\/juicio_1-150x150.jpg 150w\" sizes=\"(max-width: 600px) 100vw, 600px\" \/>\t\t\t\t<\/a>\n\t\t\t\t\t\t\t<a href=\"#\" data-mfp-src=\"https:\/\/gygasesoriajuridica.com\/website\/wp-content\/uploads\/2022\/07\/juicio_2.jpg\" class=\"ha-justified-grid__item ha-js-lightbox __fltr-1\" title=\"\">\n\t\t\t\t\t<img loading=\"lazy\" decoding=\"async\" width=\"600\" height=\"600\" src=\"https:\/\/gygasesoriajuridica.com\/website\/wp-content\/uploads\/2022\/07\/juicio_2.jpg\" class=\"elementor-animation-grow\" alt=\"\" srcset=\"https:\/\/gygasesoriajuridica.com\/website\/wp-content\/uploads\/2022\/07\/juicio_2.jpg 600w, https:\/\/gygasesoriajuridica.com\/website\/wp-content\/uploads\/2022\/07\/juicio_2-300x300.jpg 300w, https:\/\/gygasesoriajuridica.com\/website\/wp-content\/uploads\/2022\/07\/juicio_2-150x150.jpg 150w\" sizes=\"(max-width: 600px) 100vw, 600px\" \/>\t\t\t\t<\/a>\n\t\t\t\t\t\t\t<a href=\"#\" data-mfp-src=\"https:\/\/gygasesoriajuridica.com\/website\/wp-content\/uploads\/2022\/07\/juicio_3.jpg\" class=\"ha-justified-grid__item ha-js-lightbox __fltr-1\" title=\"\">\n\t\t\t\t\t<img loading=\"lazy\" decoding=\"async\" width=\"600\" height=\"600\" src=\"https:\/\/gygasesoriajuridica.com\/website\/wp-content\/uploads\/2022\/07\/juicio_3.jpg\" class=\"elementor-animation-grow\" alt=\"\" srcset=\"https:\/\/gygasesoriajuridica.com\/website\/wp-content\/uploads\/2022\/07\/juicio_3.jpg 600w, https:\/\/gygasesoriajuridica.com\/website\/wp-content\/uploads\/2022\/07\/juicio_3-300x300.jpg 300w, https:\/\/gygasesoriajuridica.com\/website\/wp-content\/uploads\/2022\/07\/juicio_3-150x150.jpg 150w\" sizes=\"(max-width: 600px) 100vw, 600px\" \/>\t\t\t\t<\/a>\n\t\t\t\t\t<\/div>\n\n\t\t\t\t\t\t<\/div>\n\t\t\t\t<\/div>\n\t\t\t\t<section class=\"has_eae_slider elementor-section elementor-inner-section elementor-element elementor-element-7e151442 elementor-section-boxed elementor-section-height-default elementor-section-height-default elementor-invisible\" data-eae-slider=\"5036\" data-id=\"7e151442\" data-element_type=\"section\" data-settings=\"{&quot;animation&quot;:&quot;fadeInUp&quot;,&quot;_ha_eqh_enable&quot;:false}\">\n\t\t\t\t\t\t<div class=\"elementor-container elementor-column-gap-default\">\n\t\t\t\t\t<div class=\"has_eae_slider elementor-column elementor-col-100 elementor-inner-column elementor-element elementor-element-342d6c99\" data-eae-slider=\"86215\" data-id=\"342d6c99\" data-element_type=\"column\" data-settings=\"{&quot;background_background&quot;:&quot;classic&quot;}\">\n\t\t\t<div class=\"elementor-widget-wrap elementor-element-populated\">\n\t\t\t\t\t\t<div class=\"elementor-element elementor-element-a29de7e elementor-widget elementor-widget-heading\" data-id=\"a29de7e\" data-element_type=\"widget\" data-widget_type=\"heading.default\">\n\t\t\t\t<div class=\"elementor-widget-container\">\n\t\t\t\t\t<h2 class=\"elementor-heading-title elementor-size-default\">Solicitud de Entrega de Veh\u00edculos Inmovilizados en Accidente de Tr\u00e1nsito<\/h2>\t\t\t\t<\/div>\n\t\t\t\t<\/div>\n\t\t\t\t<div class=\"elementor-element elementor-element-3e5d1fb3 ha-has-bg-overlay elementor-widget elementor-widget-heading\" data-id=\"3e5d1fb3\" data-element_type=\"widget\" data-widget_type=\"heading.default\">\n\t\t\t\t<div class=\"elementor-widget-container\">\n\t\t\t\t\t<h2 class=\"elementor-heading-title elementor-size-default\">Dado que al acaecer un accidente de tr\u00e1nsito, en el cual se producen lesiones personales culposas, es obligatorio inmovilizar los veh\u00edculos involucrados, estos pueden y deben ser retirados de los patios de forma pronta al acaecimiento del siniestro, en nuestra firma contamos con Abogados expertos en dar inicio al proceso respectivo obteniendo la orden de entrega del automotor o velomotor, logrando a su vez, exoneraci\u00f3n del cobro de patios, generando as\u00ed un ahorro significativo para el propietario del veh\u00edculo, puesto que este emolumento suele ser honeroso.<\/h2>\t\t\t\t<\/div>\n\t\t\t\t<\/div>\n\t\t\t\t\t<\/div>\n\t\t<\/div>\n\t\t\t\t\t<\/div>\n\t\t<\/section>\n\t\t\t\t<div class=\"elementor-element elementor-element-6a44c41 elementor-widget elementor-widget-ha-justified-gallery happy-addon ha-justified-gallery\" data-id=\"6a44c41\" data-element_type=\"widget\" data-settings=\"{&quot;row_height&quot;:{&quot;unit&quot;:&quot;px&quot;,&quot;size&quot;:150,&quot;sizes&quot;:[]},&quot;margins&quot;:{&quot;unit&quot;:&quot;px&quot;,&quot;size&quot;:10,&quot;sizes&quot;:[]},&quot;last_row&quot;:&quot;justify&quot;,&quot;enable_popup&quot;:&quot;yes&quot;}\" data-widget_type=\"ha-justified-gallery.default\">\n\t\t\t\t<div class=\"elementor-widget-container\">\n\t\t\t\t\t\n\t\t<div class=\"ha-justified-grid__wrap hajs-justified-grid\">\n\t\t\t\t\t\t\t<a href=\"#\" data-mfp-src=\"https:\/\/gygasesoriajuridica.com\/website\/wp-content\/uploads\/2022\/07\/patios_1.jpg\" class=\"ha-justified-grid__item ha-js-lightbox __fltr-1\" title=\"\">\n\t\t\t\t\t<img loading=\"lazy\" decoding=\"async\" width=\"600\" height=\"600\" src=\"https:\/\/gygasesoriajuridica.com\/website\/wp-content\/uploads\/2022\/07\/patios_1.jpg\" class=\"elementor-animation-grow\" alt=\"\" srcset=\"https:\/\/gygasesoriajuridica.com\/website\/wp-content\/uploads\/2022\/07\/patios_1.jpg 600w, https:\/\/gygasesoriajuridica.com\/website\/wp-content\/uploads\/2022\/07\/patios_1-300x300.jpg 300w, https:\/\/gygasesoriajuridica.com\/website\/wp-content\/uploads\/2022\/07\/patios_1-150x150.jpg 150w\" sizes=\"(max-width: 600px) 100vw, 600px\" \/>\t\t\t\t<\/a>\n\t\t\t\t\t\t\t<a href=\"#\" data-mfp-src=\"https:\/\/gygasesoriajuridica.com\/website\/wp-content\/uploads\/2022\/07\/patios_2.jpg\" class=\"ha-justified-grid__item ha-js-lightbox __fltr-1\" title=\"\">\n\t\t\t\t\t<img loading=\"lazy\" decoding=\"async\" width=\"600\" height=\"600\" src=\"https:\/\/gygasesoriajuridica.com\/website\/wp-content\/uploads\/2022\/07\/patios_2.jpg\" class=\"elementor-animation-grow\" alt=\"\" srcset=\"https:\/\/gygasesoriajuridica.com\/website\/wp-content\/uploads\/2022\/07\/patios_2.jpg 600w, https:\/\/gygasesoriajuridica.com\/website\/wp-content\/uploads\/2022\/07\/patios_2-300x300.jpg 300w, https:\/\/gygasesoriajuridica.com\/website\/wp-content\/uploads\/2022\/07\/patios_2-150x150.jpg 150w\" sizes=\"(max-width: 600px) 100vw, 600px\" \/>\t\t\t\t<\/a>\n\t\t\t\t\t\t\t<a href=\"#\" data-mfp-src=\"https:\/\/gygasesoriajuridica.com\/website\/wp-content\/uploads\/2022\/07\/patios_3.jpg\" class=\"ha-justified-grid__item ha-js-lightbox __fltr-1\" title=\"\">\n\t\t\t\t\t<img loading=\"lazy\" decoding=\"async\" width=\"600\" height=\"600\" src=\"https:\/\/gygasesoriajuridica.com\/website\/wp-content\/uploads\/2022\/07\/patios_3.jpg\" class=\"elementor-animation-grow\" alt=\"\" srcset=\"https:\/\/gygasesoriajuridica.com\/website\/wp-content\/uploads\/2022\/07\/patios_3.jpg 600w, https:\/\/gygasesoriajuridica.com\/website\/wp-content\/uploads\/2022\/07\/patios_3-300x300.jpg 300w, https:\/\/gygasesoriajuridica.com\/website\/wp-content\/uploads\/2022\/07\/patios_3-150x150.jpg 150w\" sizes=\"(max-width: 600px) 100vw, 600px\" \/>\t\t\t\t<\/a>\n\t\t\t\t\t<\/div>\n\n\t\t\t\t\t\t<\/div>\n\t\t\t\t<\/div>\n\t\t\t\t<section class=\"has_eae_slider elementor-section elementor-inner-section elementor-element elementor-element-48bf7f1 elementor-section-boxed elementor-section-height-default elementor-section-height-default elementor-invisible\" data-eae-slider=\"47932\" data-id=\"48bf7f1\" data-element_type=\"section\" data-settings=\"{&quot;animation&quot;:&quot;fadeInUp&quot;,&quot;_ha_eqh_enable&quot;:false}\">\n\t\t\t\t\t\t<div class=\"elementor-container elementor-column-gap-default\">\n\t\t\t\t\t<div class=\"has_eae_slider elementor-column elementor-col-100 elementor-inner-column elementor-element elementor-element-77da77d\" data-eae-slider=\"76436\" data-id=\"77da77d\" data-element_type=\"column\" data-settings=\"{&quot;background_background&quot;:&quot;classic&quot;}\">\n\t\t\t<div class=\"elementor-widget-wrap elementor-element-populated\">\n\t\t\t\t\t\t<div class=\"elementor-element elementor-element-8090cd7 elementor-widget elementor-widget-heading\" data-id=\"8090cd7\" data-element_type=\"widget\" data-widget_type=\"heading.default\">\n\t\t\t\t<div class=\"elementor-widget-container\">\n\t\t\t\t\t<h2 class=\"elementor-heading-title elementor-size-default\">Valoraciones en Medicina Legal<\/h2>\t\t\t\t<\/div>\n\t\t\t\t<\/div>\n\t\t\t\t<div class=\"elementor-element elementor-element-bad9689 ha-has-bg-overlay elementor-widget elementor-widget-heading\" data-id=\"bad9689\" data-element_type=\"widget\" data-widget_type=\"heading.default\">\n\t\t\t\t<div class=\"elementor-widget-container\">\n\t\t\t\t\t<h2 class=\"elementor-heading-title elementor-size-default\">Acorde a la gravedad de las lesiones personales permanentes sufridas por la v\u00edctima del accidente de tr\u00e1nsito, nuestra firma propende por obtener las pruebas que demuestren dicha gravedad, ello a trav\u00e9s de valoraciones m\u00e9dico-legales que permitan ser prueba fundante de los da\u00f1os y perjuicios que a trav\u00e9s de otras v\u00edas legales se reclaman.\n<\/h2>\t\t\t\t<\/div>\n\t\t\t\t<\/div>\n\t\t\t\t\t<\/div>\n\t\t<\/div>\n\t\t\t\t\t<\/div>\n\t\t<\/section>\n\t\t\t\t<div class=\"elementor-element elementor-element-6ffad85 elementor-widget elementor-widget-ha-justified-gallery happy-addon ha-justified-gallery\" data-id=\"6ffad85\" data-element_type=\"widget\" data-settings=\"{&quot;row_height&quot;:{&quot;unit&quot;:&quot;px&quot;,&quot;size&quot;:150,&quot;sizes&quot;:[]},&quot;margins&quot;:{&quot;unit&quot;:&quot;px&quot;,&quot;size&quot;:10,&quot;sizes&quot;:[]},&quot;last_row&quot;:&quot;justify&quot;,&quot;enable_popup&quot;:&quot;yes&quot;}\" data-widget_type=\"ha-justified-gallery.default\">\n\t\t\t\t<div class=\"elementor-widget-container\">\n\t\t\t\t\t\n\t\t<div class=\"ha-justified-grid__wrap hajs-justified-grid\">\n\t\t\t\t\t\t\t<a href=\"#\" data-mfp-src=\"https:\/\/gygasesoriajuridica.com\/website\/wp-content\/uploads\/2022\/07\/valoracion_1.jpg\" class=\"ha-justified-grid__item ha-js-lightbox __fltr-1\" title=\"\">\n\t\t\t\t\t<img loading=\"lazy\" decoding=\"async\" width=\"600\" height=\"600\" src=\"https:\/\/gygasesoriajuridica.com\/website\/wp-content\/uploads\/2022\/07\/valoracion_1.jpg\" class=\"elementor-animation-grow\" alt=\"\" srcset=\"https:\/\/gygasesoriajuridica.com\/website\/wp-content\/uploads\/2022\/07\/valoracion_1.jpg 600w, https:\/\/gygasesoriajuridica.com\/website\/wp-content\/uploads\/2022\/07\/valoracion_1-300x300.jpg 300w, https:\/\/gygasesoriajuridica.com\/website\/wp-content\/uploads\/2022\/07\/valoracion_1-150x150.jpg 150w\" sizes=\"(max-width: 600px) 100vw, 600px\" \/>\t\t\t\t<\/a>\n\t\t\t\t\t\t\t<a href=\"#\" data-mfp-src=\"https:\/\/gygasesoriajuridica.com\/website\/wp-content\/uploads\/2022\/07\/valoracion_2.jpg\" class=\"ha-justified-grid__item ha-js-lightbox __fltr-1\" title=\"\">\n\t\t\t\t\t<img loading=\"lazy\" decoding=\"async\" width=\"600\" height=\"600\" src=\"https:\/\/gygasesoriajuridica.com\/website\/wp-content\/uploads\/2022\/07\/valoracion_2.jpg\" class=\"elementor-animation-grow\" alt=\"\" srcset=\"https:\/\/gygasesoriajuridica.com\/website\/wp-content\/uploads\/2022\/07\/valoracion_2.jpg 600w, https:\/\/gygasesoriajuridica.com\/website\/wp-content\/uploads\/2022\/07\/valoracion_2-300x300.jpg 300w, https:\/\/gygasesoriajuridica.com\/website\/wp-content\/uploads\/2022\/07\/valoracion_2-150x150.jpg 150w\" sizes=\"(max-width: 600px) 100vw, 600px\" \/>\t\t\t\t<\/a>\n\t\t\t\t\t\t\t<a href=\"#\" data-mfp-src=\"https:\/\/gygasesoriajuridica.com\/website\/wp-content\/uploads\/2022\/07\/valoracion_3.jpg\" class=\"ha-justified-grid__item ha-js-lightbox __fltr-1\" title=\"\">\n\t\t\t\t\t<img loading=\"lazy\" decoding=\"async\" width=\"600\" height=\"600\" src=\"https:\/\/gygasesoriajuridica.com\/website\/wp-content\/uploads\/2022\/07\/valoracion_3.jpg\" class=\"elementor-animation-grow\" alt=\"\" srcset=\"https:\/\/gygasesoriajuridica.com\/website\/wp-content\/uploads\/2022\/07\/valoracion_3.jpg 600w, https:\/\/gygasesoriajuridica.com\/website\/wp-content\/uploads\/2022\/07\/valoracion_3-300x300.jpg 300w, https:\/\/gygasesoriajuridica.com\/website\/wp-content\/uploads\/2022\/07\/valoracion_3-150x150.jpg 150w\" sizes=\"(max-width: 600px) 100vw, 600px\" \/>\t\t\t\t<\/a>\n\t\t\t\t\t<\/div>\n\n\t\t\t\t\t\t<\/div>\n\t\t\t\t<\/div>\n\t\t\t\t<div class=\"elementor-element elementor-element-7aaff2c elementor-widget elementor-widget-spacer\" data-id=\"7aaff2c\" data-element_type=\"widget\" data-widget_type=\"spacer.default\">\n\t\t\t\t<div class=\"elementor-widget-container\">\n\t\t\t\t\t\t\t<div class=\"elementor-spacer\">\n\t\t\t<div class=\"elementor-spacer-inner\"><\/div>\n\t\t<\/div>\n\t\t\t\t\t\t<\/div>\n\t\t\t\t<\/div>\n\t\t\t\t<div class=\"elementor-element elementor-element-83d0d60 elementor-align-center elementor-widget elementor-widget-button\" data-id=\"83d0d60\" data-element_type=\"widget\" data-widget_type=\"button.default\">\n\t\t\t\t<div class=\"elementor-widget-container\">\n\t\t\t\t\t\t\t\t\t<div class=\"elementor-button-wrapper\">\n\t\t\t\t\t<a class=\"elementor-button elementor-button-link elementor-size-sm elementor-animation-grow\" href=\"https:\/\/gygasesoriajuridica.com\/website\/contacto\/\">\n\t\t\t\t\t\t<span class=\"elementor-button-content-wrapper\">\n\t\t\t\t\t\t\t\t\t<span class=\"elementor-button-text\">Contactanos<\/span>\n\t\t\t\t\t<\/span>\n\t\t\t\t\t<\/a>\n\t\t\t\t<\/div>\n\t\t\t\t\t\t\t\t<\/div>\n\t\t\t\t<\/div>\n\t\t\t\t\t<\/div>\n\t\t<\/div>\n\t\t\t\t\t<\/div>\n\t\t<\/section>\n\t\t\t\t<\/div>\n\t\t","protected":false},"excerpt":{"rendered":"<p>Derecho Penal Denuncia por el Delito de Lesiones Personales Culposas Al suceder un accidente de tr\u00e1nsito y causarse lesiones a una de las partes, esta en calidad de v\u00edctima tiene derecho a dar inicio a un proceso penal a trav\u00e9s del cual se establezca la responsabilidad en el siniestro y a su vez, se garantice &#8230; <a title=\"Derecho Penal\" class=\"read-more\" href=\"https:\/\/gygasesoriajuridica.com\/website\/derecho-penal\/\" aria-label=\"M\u00e1s en Derecho Penal\">Leer m\u00e1s<\/a><\/p>\n","protected":false},"author":1,"featured_media":0,"parent":0,"menu_order":0,"comment_status":"closed","ping_status":"closed","template":"elementor_header_footer","meta":{"_joinchat":[],"footnotes":""},"class_list":["post-461","page","type-page","status-publish"],"_links":{"self":[{"href":"https:\/\/gygasesoriajuridica.com\/website\/wp-json\/wp\/v2\/pages\/461","targetHints":{"allow":["GET"]}}],"collection":[{"href":"https:\/\/gygasesoriajuridica.com\/website\/wp-json\/wp\/v2\/pages"}],"about":[{"href":"https:\/\/gygasesoriajuridica.com\/website\/wp-json\/wp\/v2\/types\/page"}],"author":[{"embeddable":true,"href":"https:\/\/gygasesoriajuridica.com\/website\/wp-json\/wp\/v2\/users\/1"}],"replies":[{"embeddable":true,"href":"https:\/\/gygasesoriajuridica.com\/website\/wp-json\/wp\/v2\/comments?post=461"}],"version-history":[{"count":43,"href":"https:\/\/gygasesoriajuridica.com\/website\/wp-json\/wp\/v2\/pages\/461\/revisions"}],"predecessor-version":[{"id":737,"href":"https:\/\/gygasesoriajuridica.com\/website\/wp-json\/wp\/v2\/pages\/461\/revisions\/737"}],"wp:attachment":[{"href":"https:\/\/gygasesoriajuridica.com\/website\/wp-json\/wp\/v2\/media?parent=461"}],"curies":[{"name":"wp","href":"https:\/\/api.w.org\/{rel}","templated":true}]}}