{"id":482,"date":"2022-06-29T01:30:37","date_gmt":"2022-06-29T01:30:37","guid":{"rendered":"https:\/\/gygasesoriajuridica.com\/website\/?page_id=482"},"modified":"2022-08-29T14:41:50","modified_gmt":"2022-08-29T14:41:50","slug":"acciones-constitucionales","status":"publish","type":"page","link":"https:\/\/gygasesoriajuridica.com\/website\/acciones-constitucionales\/","title":{"rendered":"Acciones Constitucionales\u00a0"},"content":{"rendered":"\t\t<div data-elementor-type=\"wp-page\" data-elementor-id=\"482\" class=\"elementor elementor-482\" data-elementor-settings=\"{&quot;ha_cmc_init_switcher&quot;:&quot;no&quot;}\">\n\t\t\t\t\t\t<section class=\"has_eae_slider elementor-section elementor-top-section elementor-element elementor-element-6b42ee43 elementor-section-height-min-height elementor-section-boxed elementor-section-height-default elementor-section-items-middle\" data-eae-slider=\"18692\" data-id=\"6b42ee43\" data-element_type=\"section\" data-settings=\"{&quot;_ha_eqh_enable&quot;:false}\">\n\t\t\t\t\t\t\t<div class=\"elementor-background-overlay\"><\/div>\n\t\t\t\t\t\t\t<div class=\"elementor-container elementor-column-gap-default\">\n\t\t\t\t\t<div class=\"has_eae_slider elementor-column elementor-col-100 elementor-top-column elementor-element elementor-element-6a2abd78\" data-eae-slider=\"9909\" data-id=\"6a2abd78\" data-element_type=\"column\">\n\t\t\t<div class=\"elementor-widget-wrap elementor-element-populated\">\n\t\t\t\t\t\t<div class=\"elementor-element elementor-element-3f44f1e8 elementor-widget elementor-widget-spacer\" data-id=\"3f44f1e8\" data-element_type=\"widget\" data-widget_type=\"spacer.default\">\n\t\t\t\t<div class=\"elementor-widget-container\">\n\t\t\t\t\t\t\t<div class=\"elementor-spacer\">\n\t\t\t<div class=\"elementor-spacer-inner\"><\/div>\n\t\t<\/div>\n\t\t\t\t\t\t<\/div>\n\t\t\t\t<\/div>\n\t\t\t\t<div class=\"elementor-element elementor-element-7178af53 elementor-widget elementor-widget-heading\" data-id=\"7178af53\" data-element_type=\"widget\" data-widget_type=\"heading.default\">\n\t\t\t\t<div class=\"elementor-widget-container\">\n\t\t\t\t\t<h2 class=\"elementor-heading-title elementor-size-default\">Acciones Constitucionales<\/h2>\t\t\t\t<\/div>\n\t\t\t\t<\/div>\n\t\t\t\t<div class=\"elementor-element elementor-element-64416d47 elementor-widget-divider--view-line elementor-widget elementor-widget-divider\" data-id=\"64416d47\" data-element_type=\"widget\" data-widget_type=\"divider.default\">\n\t\t\t\t<div class=\"elementor-widget-container\">\n\t\t\t\t\t\t\t<div class=\"elementor-divider\">\n\t\t\t<span class=\"elementor-divider-separator\">\n\t\t\t\t\t\t<\/span>\n\t\t<\/div>\n\t\t\t\t\t\t<\/div>\n\t\t\t\t<\/div>\n\t\t\t\t<div class=\"elementor-element elementor-element-6d1d0f54 elementor-widget elementor-widget-spacer\" data-id=\"6d1d0f54\" data-element_type=\"widget\" data-widget_type=\"spacer.default\">\n\t\t\t\t<div class=\"elementor-widget-container\">\n\t\t\t\t\t\t\t<div class=\"elementor-spacer\">\n\t\t\t<div class=\"elementor-spacer-inner\"><\/div>\n\t\t<\/div>\n\t\t\t\t\t\t<\/div>\n\t\t\t\t<\/div>\n\t\t\t\t<section class=\"has_eae_slider elementor-section elementor-inner-section elementor-element elementor-element-2098ba2b elementor-section-boxed elementor-section-height-default elementor-section-height-default elementor-invisible\" data-eae-slider=\"24327\" data-id=\"2098ba2b\" data-element_type=\"section\" data-settings=\"{&quot;animation&quot;:&quot;fadeInUp&quot;,&quot;_ha_eqh_enable&quot;:false}\">\n\t\t\t\t\t\t<div class=\"elementor-container elementor-column-gap-default\">\n\t\t\t\t\t<div class=\"has_eae_slider elementor-column elementor-col-100 elementor-inner-column elementor-element elementor-element-53d525f8\" data-eae-slider=\"82530\" data-id=\"53d525f8\" data-element_type=\"column\" data-settings=\"{&quot;background_background&quot;:&quot;classic&quot;}\">\n\t\t\t<div class=\"elementor-widget-wrap elementor-element-populated\">\n\t\t\t\t\t\t<div class=\"elementor-element elementor-element-59f6c237 elementor-widget elementor-widget-heading\" data-id=\"59f6c237\" data-element_type=\"widget\" data-widget_type=\"heading.default\">\n\t\t\t\t<div class=\"elementor-widget-container\">\n\t\t\t\t\t<h2 class=\"elementor-heading-title elementor-size-default\">Estabilidad Laboral Reforzada<\/h2>\t\t\t\t<\/div>\n\t\t\t\t<\/div>\n\t\t\t\t<div class=\"elementor-element elementor-element-3ba68d40 ha-has-bg-overlay elementor-widget elementor-widget-heading\" data-id=\"3ba68d40\" data-element_type=\"widget\" data-widget_type=\"heading.default\">\n\t\t\t\t<div class=\"elementor-widget-container\">\n\t\t\t\t\t<h2 class=\"elementor-heading-title elementor-size-default\">Cuando a pesar que el trabajador tiene una lesi\u00f3n que le impide el normal desarrollo de sus funciones laborales, el empleador decide culminar el v\u00ednculo laboral, independientemente que efectivamente sea la fecha de terminaci\u00f3n del contrato y se haya dado el preaviso con anterioridad, para esbozar un ejemplo, el trabajador tiene derecho a continuar vinculado laboralmente y vulnerar este derecho da lugar a iniciar acciones legales tendientes a que esta afectaci\u00f3n de derechos fundamentales no perdure en el tiempo, por lo cual se acudir\u00e1 a las acciones constitucionales respectivas.<\/h2>\t\t\t\t<\/div>\n\t\t\t\t<\/div>\n\t\t\t\t\t<\/div>\n\t\t<\/div>\n\t\t\t\t\t<\/div>\n\t\t<\/section>\n\t\t\t\t<div class=\"elementor-element elementor-element-7b7732e elementor-widget elementor-widget-ha-justified-gallery happy-addon ha-justified-gallery\" data-id=\"7b7732e\" data-element_type=\"widget\" data-settings=\"{&quot;row_height&quot;:{&quot;unit&quot;:&quot;px&quot;,&quot;size&quot;:150,&quot;sizes&quot;:[]},&quot;margins&quot;:{&quot;unit&quot;:&quot;px&quot;,&quot;size&quot;:10,&quot;sizes&quot;:[]},&quot;last_row&quot;:&quot;justify&quot;,&quot;enable_popup&quot;:&quot;yes&quot;}\" data-widget_type=\"ha-justified-gallery.default\">\n\t\t\t\t<div class=\"elementor-widget-container\">\n\t\t\t\t\t\n\t\t<div class=\"ha-justified-grid__wrap hajs-justified-grid\">\n\t\t\t\t\t\t\t<a href=\"#\" data-mfp-src=\"https:\/\/gygasesoriajuridica.com\/website\/wp-content\/uploads\/2022\/08\/accidente-laboral2.jpg\" class=\"ha-justified-grid__item ha-js-lightbox __fltr-1\" title=\"\">\n\t\t\t\t\t<img fetchpriority=\"high\" decoding=\"async\" width=\"600\" height=\"600\" src=\"https:\/\/gygasesoriajuridica.com\/website\/wp-content\/uploads\/2022\/08\/accidente-laboral2.jpg\" class=\"elementor-animation-grow\" alt=\"\" srcset=\"https:\/\/gygasesoriajuridica.com\/website\/wp-content\/uploads\/2022\/08\/accidente-laboral2.jpg 600w, https:\/\/gygasesoriajuridica.com\/website\/wp-content\/uploads\/2022\/08\/accidente-laboral2-300x300.jpg 300w, https:\/\/gygasesoriajuridica.com\/website\/wp-content\/uploads\/2022\/08\/accidente-laboral2-150x150.jpg 150w\" sizes=\"(max-width: 600px) 100vw, 600px\" \/>\t\t\t\t<\/a>\n\t\t\t\t\t\t\t<a href=\"#\" data-mfp-src=\"https:\/\/gygasesoriajuridica.com\/website\/wp-content\/uploads\/2022\/08\/accidente-laboral.jpg\" class=\"ha-justified-grid__item ha-js-lightbox __fltr-1\" title=\"\">\n\t\t\t\t\t<img decoding=\"async\" width=\"600\" height=\"600\" src=\"https:\/\/gygasesoriajuridica.com\/website\/wp-content\/uploads\/2022\/08\/accidente-laboral.jpg\" class=\"elementor-animation-grow\" alt=\"\" srcset=\"https:\/\/gygasesoriajuridica.com\/website\/wp-content\/uploads\/2022\/08\/accidente-laboral.jpg 600w, https:\/\/gygasesoriajuridica.com\/website\/wp-content\/uploads\/2022\/08\/accidente-laboral-300x300.jpg 300w, https:\/\/gygasesoriajuridica.com\/website\/wp-content\/uploads\/2022\/08\/accidente-laboral-150x150.jpg 150w\" sizes=\"(max-width: 600px) 100vw, 600px\" \/>\t\t\t\t<\/a>\n\t\t\t\t\t\t\t<a href=\"#\" data-mfp-src=\"https:\/\/gygasesoriajuridica.com\/website\/wp-content\/uploads\/2022\/08\/accidente-laboral3.jpg\" class=\"ha-justified-grid__item ha-js-lightbox __fltr-1\" title=\"\">\n\t\t\t\t\t<img decoding=\"async\" width=\"600\" height=\"600\" src=\"https:\/\/gygasesoriajuridica.com\/website\/wp-content\/uploads\/2022\/08\/accidente-laboral3.jpg\" class=\"elementor-animation-grow\" alt=\"\" srcset=\"https:\/\/gygasesoriajuridica.com\/website\/wp-content\/uploads\/2022\/08\/accidente-laboral3.jpg 600w, https:\/\/gygasesoriajuridica.com\/website\/wp-content\/uploads\/2022\/08\/accidente-laboral3-300x300.jpg 300w, https:\/\/gygasesoriajuridica.com\/website\/wp-content\/uploads\/2022\/08\/accidente-laboral3-150x150.jpg 150w\" sizes=\"(max-width: 600px) 100vw, 600px\" \/>\t\t\t\t<\/a>\n\t\t\t\t\t<\/div>\n\n\t\t\t\t\t\t<\/div>\n\t\t\t\t<\/div>\n\t\t\t\t<section class=\"has_eae_slider elementor-section elementor-inner-section elementor-element elementor-element-728d4a49 elementor-section-boxed elementor-section-height-default elementor-section-height-default elementor-invisible\" data-eae-slider=\"40157\" data-id=\"728d4a49\" data-element_type=\"section\" data-settings=\"{&quot;animation&quot;:&quot;fadeInUp&quot;,&quot;_ha_eqh_enable&quot;:false}\">\n\t\t\t\t\t\t<div class=\"elementor-container elementor-column-gap-default\">\n\t\t\t\t\t<div class=\"has_eae_slider elementor-column elementor-col-100 elementor-inner-column elementor-element elementor-element-2d2ceddb\" data-eae-slider=\"68495\" data-id=\"2d2ceddb\" data-element_type=\"column\" data-settings=\"{&quot;background_background&quot;:&quot;classic&quot;}\">\n\t\t\t<div class=\"elementor-widget-wrap elementor-element-populated\">\n\t\t\t\t\t\t<div class=\"elementor-element elementor-element-4da5e376 elementor-widget elementor-widget-heading\" data-id=\"4da5e376\" data-element_type=\"widget\" data-widget_type=\"heading.default\">\n\t\t\t\t<div class=\"elementor-widget-container\">\n\t\t\t\t\t<h2 class=\"elementor-heading-title elementor-size-default\">Solicitud de pago de incapacidades m\u00e9dicas<\/h2>\t\t\t\t<\/div>\n\t\t\t\t<\/div>\n\t\t\t\t<div class=\"elementor-element elementor-element-45595b3e ha-has-bg-overlay elementor-widget elementor-widget-heading\" data-id=\"45595b3e\" data-element_type=\"widget\" data-widget_type=\"heading.default\">\n\t\t\t\t<div class=\"elementor-widget-container\">\n\t\t\t\t\t<h2 class=\"elementor-heading-title elementor-size-default\">Acorde a la gravedad de las lesiones personales permanentes sufridas por la v\u00edctima del accidente de tr\u00e1nsito, logramos a trav\u00e9s de mecanismos legales que las incapacidades m\u00e9dicas sean pagadas por quien esta obligado a ello seg\u00fan lo dispuesto en la Ley 100 de 1993 y normas concordantes, permitiendo entonces que el afectado obtenga su m\u00ednimo vital durante su recuperaci\u00f3n.<\/h2>\t\t\t\t<\/div>\n\t\t\t\t<\/div>\n\t\t\t\t\t<\/div>\n\t\t<\/div>\n\t\t\t\t\t<\/div>\n\t\t<\/section>\n\t\t\t\t<div class=\"elementor-element elementor-element-7d5f506 elementor-widget elementor-widget-ha-justified-gallery happy-addon ha-justified-gallery\" data-id=\"7d5f506\" data-element_type=\"widget\" data-settings=\"{&quot;row_height&quot;:{&quot;unit&quot;:&quot;px&quot;,&quot;size&quot;:150,&quot;sizes&quot;:[]},&quot;margins&quot;:{&quot;unit&quot;:&quot;px&quot;,&quot;size&quot;:10,&quot;sizes&quot;:[]},&quot;last_row&quot;:&quot;justify&quot;,&quot;enable_popup&quot;:&quot;yes&quot;}\" data-widget_type=\"ha-justified-gallery.default\">\n\t\t\t\t<div class=\"elementor-widget-container\">\n\t\t\t\t\t\n\t\t<div class=\"ha-justified-grid__wrap hajs-justified-grid\">\n\t\t\t\t\t\t\t<a href=\"#\" data-mfp-src=\"https:\/\/gygasesoriajuridica.com\/website\/wp-content\/uploads\/2022\/08\/solicitud_2.jpg\" class=\"ha-justified-grid__item ha-js-lightbox __fltr-1\" title=\"\">\n\t\t\t\t\t<img loading=\"lazy\" decoding=\"async\" width=\"600\" height=\"600\" src=\"https:\/\/gygasesoriajuridica.com\/website\/wp-content\/uploads\/2022\/08\/solicitud_2.jpg\" class=\"elementor-animation-grow\" alt=\"\" srcset=\"https:\/\/gygasesoriajuridica.com\/website\/wp-content\/uploads\/2022\/08\/solicitud_2.jpg 600w, https:\/\/gygasesoriajuridica.com\/website\/wp-content\/uploads\/2022\/08\/solicitud_2-300x300.jpg 300w, https:\/\/gygasesoriajuridica.com\/website\/wp-content\/uploads\/2022\/08\/solicitud_2-150x150.jpg 150w\" sizes=\"(max-width: 600px) 100vw, 600px\" \/>\t\t\t\t<\/a>\n\t\t\t\t\t\t\t<a href=\"#\" data-mfp-src=\"https:\/\/gygasesoriajuridica.com\/website\/wp-content\/uploads\/2022\/08\/solicitud.jpg\" class=\"ha-justified-grid__item ha-js-lightbox __fltr-1\" title=\"\">\n\t\t\t\t\t<img loading=\"lazy\" decoding=\"async\" width=\"600\" height=\"600\" src=\"https:\/\/gygasesoriajuridica.com\/website\/wp-content\/uploads\/2022\/08\/solicitud.jpg\" class=\"elementor-animation-grow\" alt=\"\" srcset=\"https:\/\/gygasesoriajuridica.com\/website\/wp-content\/uploads\/2022\/08\/solicitud.jpg 600w, https:\/\/gygasesoriajuridica.com\/website\/wp-content\/uploads\/2022\/08\/solicitud-300x300.jpg 300w, https:\/\/gygasesoriajuridica.com\/website\/wp-content\/uploads\/2022\/08\/solicitud-150x150.jpg 150w\" sizes=\"(max-width: 600px) 100vw, 600px\" \/>\t\t\t\t<\/a>\n\t\t\t\t\t\t\t<a href=\"#\" data-mfp-src=\"https:\/\/gygasesoriajuridica.com\/website\/wp-content\/uploads\/2022\/08\/solicitud_3.jpg\" class=\"ha-justified-grid__item ha-js-lightbox __fltr-1\" title=\"\">\n\t\t\t\t\t<img loading=\"lazy\" decoding=\"async\" width=\"600\" height=\"600\" src=\"https:\/\/gygasesoriajuridica.com\/website\/wp-content\/uploads\/2022\/08\/solicitud_3.jpg\" class=\"elementor-animation-grow\" alt=\"\" srcset=\"https:\/\/gygasesoriajuridica.com\/website\/wp-content\/uploads\/2022\/08\/solicitud_3.jpg 600w, https:\/\/gygasesoriajuridica.com\/website\/wp-content\/uploads\/2022\/08\/solicitud_3-300x300.jpg 300w, https:\/\/gygasesoriajuridica.com\/website\/wp-content\/uploads\/2022\/08\/solicitud_3-150x150.jpg 150w\" sizes=\"(max-width: 600px) 100vw, 600px\" \/>\t\t\t\t<\/a>\n\t\t\t\t\t<\/div>\n\n\t\t\t\t\t\t<\/div>\n\t\t\t\t<\/div>\n\t\t\t\t<div class=\"elementor-element elementor-element-7f263377 elementor-widget elementor-widget-spacer\" data-id=\"7f263377\" data-element_type=\"widget\" data-widget_type=\"spacer.default\">\n\t\t\t\t<div class=\"elementor-widget-container\">\n\t\t\t\t\t\t\t<div class=\"elementor-spacer\">\n\t\t\t<div class=\"elementor-spacer-inner\"><\/div>\n\t\t<\/div>\n\t\t\t\t\t\t<\/div>\n\t\t\t\t<\/div>\n\t\t\t\t\t<\/div>\n\t\t<\/div>\n\t\t\t\t\t<\/div>\n\t\t<\/section>\n\t\t\t\t<section class=\"has_eae_slider elementor-section elementor-top-section elementor-element elementor-element-a0f3a3a elementor-section-boxed elementor-section-height-default elementor-section-height-default\" data-eae-slider=\"77271\" data-id=\"a0f3a3a\" data-element_type=\"section\" data-settings=\"{&quot;_ha_eqh_enable&quot;:false}\">\n\t\t\t\t\t\t<div class=\"elementor-container elementor-column-gap-default\">\n\t\t\t\t\t<div class=\"has_eae_slider elementor-column elementor-col-100 elementor-top-column elementor-element elementor-element-89e23fb\" data-eae-slider=\"41006\" data-id=\"89e23fb\" data-element_type=\"column\">\n\t\t\t<div class=\"elementor-widget-wrap elementor-element-populated\">\n\t\t\t\t\t\t<section class=\"has_eae_slider elementor-section elementor-inner-section elementor-element elementor-element-482e02a7 elementor-section-boxed elementor-section-height-default elementor-section-height-default elementor-invisible\" data-eae-slider=\"77380\" data-id=\"482e02a7\" data-element_type=\"section\" data-settings=\"{&quot;animation&quot;:&quot;fadeInUp&quot;,&quot;_ha_eqh_enable&quot;:false}\">\n\t\t\t\t\t\t<div class=\"elementor-container elementor-column-gap-default\">\n\t\t\t\t\t<div class=\"has_eae_slider elementor-column elementor-col-100 elementor-inner-column elementor-element elementor-element-5a4a8d42\" data-eae-slider=\"68752\" data-id=\"5a4a8d42\" data-element_type=\"column\" data-settings=\"{&quot;background_background&quot;:&quot;classic&quot;}\">\n\t\t\t<div class=\"elementor-widget-wrap elementor-element-populated\">\n\t\t\t\t\t\t<div class=\"elementor-element elementor-element-46db3e12 elementor-widget elementor-widget-heading\" data-id=\"46db3e12\" data-element_type=\"widget\" data-widget_type=\"heading.default\">\n\t\t\t\t<div class=\"elementor-widget-container\">\n\t\t\t\t\t<h2 class=\"elementor-heading-title elementor-size-default\">Derecho a la Salud, Seguridad Social, Igualdad y Debido Proceso.<\/h2>\t\t\t\t<\/div>\n\t\t\t\t<\/div>\n\t\t\t\t<div class=\"elementor-element elementor-element-10a55c94 ha-has-bg-overlay elementor-widget elementor-widget-heading\" data-id=\"10a55c94\" data-element_type=\"widget\" data-widget_type=\"heading.default\">\n\t\t\t\t<div class=\"elementor-widget-container\">\n\t\t\t\t\t<h2 class=\"elementor-heading-title elementor-size-default\">Nuestra firma emplea las herramientas legales dispuestas cuando se vulnera uno o varios de estos derechos fundamentales, que por ejemplo sucede en los siguientes casos:<\/h2>\t\t\t\t<\/div>\n\t\t\t\t<\/div>\n\t\t\t\t<div class=\"elementor-element elementor-element-36d7c9b elementor-icon-list--layout-traditional elementor-list-item-link-full_width elementor-widget elementor-widget-icon-list\" data-id=\"36d7c9b\" data-element_type=\"widget\" data-widget_type=\"icon-list.default\">\n\t\t\t\t<div class=\"elementor-widget-container\">\n\t\t\t\t\t\t\t<ul class=\"elementor-icon-list-items\">\n\t\t\t\t\t\t\t<li class=\"elementor-icon-list-item\">\n\t\t\t\t\t\t\t\t\t\t\t<span class=\"elementor-icon-list-icon\">\n\t\t\t\t\t\t\t<i aria-hidden=\"true\" class=\"fas fa-chevron-right\"><\/i>\t\t\t\t\t\t<\/span>\n\t\t\t\t\t\t\t\t\t\t<span class=\"elementor-icon-list-text\">Negativa ante el otorgamiento de una cita m\u00e9dica para continuidad de tratamiento m\u00e9dico, entrega de medicamentos, procedimiento especifico.<\/span>\n\t\t\t\t\t\t\t\t\t<\/li>\n\t\t\t\t\t\t\t\t<li class=\"elementor-icon-list-item\">\n\t\t\t\t\t\t\t\t\t\t\t<span class=\"elementor-icon-list-icon\">\n\t\t\t\t\t\t\t<i aria-hidden=\"true\" class=\"fas fa-chevron-right\"><\/i>\t\t\t\t\t\t<\/span>\n\t\t\t\t\t\t\t\t\t\t<span class=\"elementor-icon-list-text\">Negativa a la notificaci\u00f3n de decisiones sobre las afectaciones a la salud del afectado.<\/span>\n\t\t\t\t\t\t\t\t\t<\/li>\n\t\t\t\t\t\t\t\t<li class=\"elementor-icon-list-item\">\n\t\t\t\t\t\t\t\t\t\t\t<span class=\"elementor-icon-list-icon\">\n\t\t\t\t\t\t\t<i aria-hidden=\"true\" class=\"fas fa-chevron-right\"><\/i>\t\t\t\t\t\t<\/span>\n\t\t\t\t\t\t\t\t\t\t<span class=\"elementor-icon-list-text\">Negativa al tramite de los recursos interpuestos en debido tiempo y debida forma.<\/span>\n\t\t\t\t\t\t\t\t\t<\/li>\n\t\t\t\t\t\t<\/ul>\n\t\t\t\t\t\t<\/div>\n\t\t\t\t<\/div>\n\t\t\t\t\t<\/div>\n\t\t<\/div>\n\t\t\t\t\t<\/div>\n\t\t<\/section>\n\t\t\t\t<div class=\"elementor-element elementor-element-55dc731 elementor-widget elementor-widget-ha-justified-gallery happy-addon ha-justified-gallery\" data-id=\"55dc731\" data-element_type=\"widget\" data-settings=\"{&quot;row_height&quot;:{&quot;unit&quot;:&quot;px&quot;,&quot;size&quot;:150,&quot;sizes&quot;:[]},&quot;margins&quot;:{&quot;unit&quot;:&quot;px&quot;,&quot;size&quot;:10,&quot;sizes&quot;:[]},&quot;last_row&quot;:&quot;justify&quot;,&quot;enable_popup&quot;:&quot;yes&quot;}\" data-widget_type=\"ha-justified-gallery.default\">\n\t\t\t\t<div class=\"elementor-widget-container\">\n\t\t\t\t\t\n\t\t<div class=\"ha-justified-grid__wrap hajs-justified-grid\">\n\t\t\t\t\t\t\t<a href=\"#\" data-mfp-src=\"https:\/\/gygasesoriajuridica.com\/website\/wp-content\/uploads\/2022\/08\/solicitud_4.jpg\" class=\"ha-justified-grid__item ha-js-lightbox __fltr-1\" title=\"\">\n\t\t\t\t\t<img loading=\"lazy\" decoding=\"async\" width=\"600\" height=\"600\" src=\"https:\/\/gygasesoriajuridica.com\/website\/wp-content\/uploads\/2022\/08\/solicitud_4.jpg\" class=\"elementor-animation-grow\" alt=\"\" srcset=\"https:\/\/gygasesoriajuridica.com\/website\/wp-content\/uploads\/2022\/08\/solicitud_4.jpg 600w, https:\/\/gygasesoriajuridica.com\/website\/wp-content\/uploads\/2022\/08\/solicitud_4-300x300.jpg 300w, https:\/\/gygasesoriajuridica.com\/website\/wp-content\/uploads\/2022\/08\/solicitud_4-150x150.jpg 150w\" sizes=\"(max-width: 600px) 100vw, 600px\" \/>\t\t\t\t<\/a>\n\t\t\t\t\t\t\t<a href=\"#\" data-mfp-src=\"https:\/\/gygasesoriajuridica.com\/website\/wp-content\/uploads\/2022\/08\/solicitud_6.jpg\" class=\"ha-justified-grid__item ha-js-lightbox __fltr-1\" title=\"\">\n\t\t\t\t\t<img loading=\"lazy\" decoding=\"async\" width=\"600\" height=\"600\" src=\"https:\/\/gygasesoriajuridica.com\/website\/wp-content\/uploads\/2022\/08\/solicitud_6.jpg\" class=\"elementor-animation-grow\" alt=\"\" srcset=\"https:\/\/gygasesoriajuridica.com\/website\/wp-content\/uploads\/2022\/08\/solicitud_6.jpg 600w, https:\/\/gygasesoriajuridica.com\/website\/wp-content\/uploads\/2022\/08\/solicitud_6-300x300.jpg 300w, https:\/\/gygasesoriajuridica.com\/website\/wp-content\/uploads\/2022\/08\/solicitud_6-150x150.jpg 150w\" sizes=\"(max-width: 600px) 100vw, 600px\" \/>\t\t\t\t<\/a>\n\t\t\t\t\t\t\t<a href=\"#\" data-mfp-src=\"https:\/\/gygasesoriajuridica.com\/website\/wp-content\/uploads\/2022\/08\/solicitud_5.jpg\" class=\"ha-justified-grid__item ha-js-lightbox __fltr-1\" title=\"\">\n\t\t\t\t\t<img loading=\"lazy\" decoding=\"async\" width=\"600\" height=\"600\" src=\"https:\/\/gygasesoriajuridica.com\/website\/wp-content\/uploads\/2022\/08\/solicitud_5.jpg\" class=\"elementor-animation-grow\" alt=\"\" srcset=\"https:\/\/gygasesoriajuridica.com\/website\/wp-content\/uploads\/2022\/08\/solicitud_5.jpg 600w, https:\/\/gygasesoriajuridica.com\/website\/wp-content\/uploads\/2022\/08\/solicitud_5-300x300.jpg 300w, https:\/\/gygasesoriajuridica.com\/website\/wp-content\/uploads\/2022\/08\/solicitud_5-150x150.jpg 150w\" sizes=\"(max-width: 600px) 100vw, 600px\" \/>\t\t\t\t<\/a>\n\t\t\t\t\t<\/div>\n\n\t\t\t\t\t\t<\/div>\n\t\t\t\t<\/div>\n\t\t\t\t<div class=\"elementor-element elementor-element-345ae0e1 elementor-align-center elementor-widget elementor-widget-button\" data-id=\"345ae0e1\" data-element_type=\"widget\" data-widget_type=\"button.default\">\n\t\t\t\t<div class=\"elementor-widget-container\">\n\t\t\t\t\t\t\t\t\t<div class=\"elementor-button-wrapper\">\n\t\t\t\t\t<a class=\"elementor-button elementor-button-link elementor-size-sm elementor-animation-grow\" href=\"https:\/\/gygasesoriajuridica.com\/website\/contacto\/\">\n\t\t\t\t\t\t<span class=\"elementor-button-content-wrapper\">\n\t\t\t\t\t\t\t\t\t<span class=\"elementor-button-text\">Contactanos<\/span>\n\t\t\t\t\t<\/span>\n\t\t\t\t\t<\/a>\n\t\t\t\t<\/div>\n\t\t\t\t\t\t\t\t<\/div>\n\t\t\t\t<\/div>\n\t\t\t\t\t<\/div>\n\t\t<\/div>\n\t\t\t\t\t<\/div>\n\t\t<\/section>\n\t\t\t\t<\/div>\n\t\t","protected":false},"excerpt":{"rendered":"<p>Acciones Constitucionales Estabilidad Laboral Reforzada Cuando a pesar que el trabajador tiene una lesi\u00f3n que le impide el normal desarrollo de sus funciones laborales, el empleador decide culminar el v\u00ednculo laboral, independientemente que efectivamente sea la fecha de terminaci\u00f3n del contrato y se haya dado el preaviso con anterioridad, para esbozar un ejemplo, el trabajador &#8230; <a title=\"Acciones Constitucionales\u00a0\" class=\"read-more\" href=\"https:\/\/gygasesoriajuridica.com\/website\/acciones-constitucionales\/\" aria-label=\"M\u00e1s en Acciones Constitucionales\u00a0\">Leer m\u00e1s<\/a><\/p>\n","protected":false},"author":1,"featured_media":0,"parent":0,"menu_order":0,"comment_status":"closed","ping_status":"closed","template":"elementor_header_footer","meta":{"_joinchat":[],"footnotes":""},"class_list":["post-482","page","type-page","status-publish"],"_links":{"self":[{"href":"https:\/\/gygasesoriajuridica.com\/website\/wp-json\/wp\/v2\/pages\/482","targetHints":{"allow":["GET"]}}],"collection":[{"href":"https:\/\/gygasesoriajuridica.com\/website\/wp-json\/wp\/v2\/pages"}],"about":[{"href":"https:\/\/gygasesoriajuridica.com\/website\/wp-json\/wp\/v2\/types\/page"}],"author":[{"embeddable":true,"href":"https:\/\/gygasesoriajuridica.com\/website\/wp-json\/wp\/v2\/users\/1"}],"replies":[{"embeddable":true,"href":"https:\/\/gygasesoriajuridica.com\/website\/wp-json\/wp\/v2\/comments?post=482"}],"version-history":[{"count":32,"href":"https:\/\/gygasesoriajuridica.com\/website\/wp-json\/wp\/v2\/pages\/482\/revisions"}],"predecessor-version":[{"id":916,"href":"https:\/\/gygasesoriajuridica.com\/website\/wp-json\/wp\/v2\/pages\/482\/revisions\/916"}],"wp:attachment":[{"href":"https:\/\/gygasesoriajuridica.com\/website\/wp-json\/wp\/v2\/media?parent=482"}],"curies":[{"name":"wp","href":"https:\/\/api.w.org\/{rel}","templated":true}]}}