{"id":688,"date":"2022-07-29T18:59:19","date_gmt":"2022-07-29T18:59:19","guid":{"rendered":"https:\/\/gygasesoriajuridica.com\/website\/?page_id=688"},"modified":"2022-08-02T00:56:51","modified_gmt":"2022-08-02T00:56:51","slug":"derecho-laboral","status":"publish","type":"page","link":"https:\/\/gygasesoriajuridica.com\/website\/derecho-laboral\/","title":{"rendered":"Derecho Laboral"},"content":{"rendered":"\t\t<div data-elementor-type=\"wp-page\" data-elementor-id=\"688\" class=\"elementor elementor-688\" data-elementor-settings=\"{&quot;ha_cmc_init_switcher&quot;:&quot;no&quot;}\">\n\t\t\t\t\t\t<section class=\"has_eae_slider elementor-section elementor-top-section elementor-element elementor-element-636028d3 elementor-section-height-min-height elementor-section-boxed elementor-section-height-default elementor-section-items-middle\" data-eae-slider=\"3313\" data-id=\"636028d3\" data-element_type=\"section\" data-settings=\"{&quot;_ha_eqh_enable&quot;:false}\">\n\t\t\t\t\t\t\t<div class=\"elementor-background-overlay\"><\/div>\n\t\t\t\t\t\t\t<div class=\"elementor-container elementor-column-gap-default\">\n\t\t\t\t\t<div class=\"has_eae_slider elementor-column elementor-col-100 elementor-top-column elementor-element elementor-element-1aaa9372\" data-eae-slider=\"4918\" data-id=\"1aaa9372\" data-element_type=\"column\">\n\t\t\t<div class=\"elementor-widget-wrap elementor-element-populated\">\n\t\t\t\t\t\t<div class=\"elementor-element elementor-element-8466a29 elementor-widget elementor-widget-spacer\" data-id=\"8466a29\" data-element_type=\"widget\" data-widget_type=\"spacer.default\">\n\t\t\t\t<div class=\"elementor-widget-container\">\n\t\t\t\t\t\t\t<div class=\"elementor-spacer\">\n\t\t\t<div class=\"elementor-spacer-inner\"><\/div>\n\t\t<\/div>\n\t\t\t\t\t\t<\/div>\n\t\t\t\t<\/div>\n\t\t\t\t<div class=\"elementor-element elementor-element-426ef7e1 elementor-widget elementor-widget-heading\" data-id=\"426ef7e1\" data-element_type=\"widget\" data-widget_type=\"heading.default\">\n\t\t\t\t<div class=\"elementor-widget-container\">\n\t\t\t\t\t<h2 class=\"elementor-heading-title elementor-size-default\">Derecho Laboral<\/h2>\t\t\t\t<\/div>\n\t\t\t\t<\/div>\n\t\t\t\t<div class=\"elementor-element elementor-element-17971288 elementor-widget-divider--view-line elementor-widget elementor-widget-divider\" data-id=\"17971288\" data-element_type=\"widget\" data-widget_type=\"divider.default\">\n\t\t\t\t<div class=\"elementor-widget-container\">\n\t\t\t\t\t\t\t<div class=\"elementor-divider\">\n\t\t\t<span class=\"elementor-divider-separator\">\n\t\t\t\t\t\t<\/span>\n\t\t<\/div>\n\t\t\t\t\t\t<\/div>\n\t\t\t\t<\/div>\n\t\t\t\t<div class=\"elementor-element elementor-element-c8997fe elementor-widget elementor-widget-spacer\" data-id=\"c8997fe\" data-element_type=\"widget\" data-widget_type=\"spacer.default\">\n\t\t\t\t<div class=\"elementor-widget-container\">\n\t\t\t\t\t\t\t<div class=\"elementor-spacer\">\n\t\t\t<div class=\"elementor-spacer-inner\"><\/div>\n\t\t<\/div>\n\t\t\t\t\t\t<\/div>\n\t\t\t\t<\/div>\n\t\t\t\t<section class=\"has_eae_slider elementor-section elementor-inner-section elementor-element elementor-element-7c00e8f6 elementor-section-boxed elementor-section-height-default elementor-section-height-default elementor-invisible\" data-eae-slider=\"36045\" data-id=\"7c00e8f6\" data-element_type=\"section\" data-settings=\"{&quot;animation&quot;:&quot;fadeInUp&quot;,&quot;_ha_eqh_enable&quot;:false}\">\n\t\t\t\t\t\t<div class=\"elementor-container elementor-column-gap-default\">\n\t\t\t\t\t<div class=\"has_eae_slider elementor-column elementor-col-100 elementor-inner-column elementor-element elementor-element-794d7162\" data-eae-slider=\"76678\" data-id=\"794d7162\" data-element_type=\"column\" data-settings=\"{&quot;background_background&quot;:&quot;classic&quot;}\">\n\t\t\t<div class=\"elementor-widget-wrap elementor-element-populated\">\n\t\t\t\t\t\t<div class=\"elementor-element elementor-element-4d042a7a elementor-widget elementor-widget-heading\" data-id=\"4d042a7a\" data-element_type=\"widget\" data-widget_type=\"heading.default\">\n\t\t\t\t<div class=\"elementor-widget-container\">\n\t\t\t\t\t<h2 class=\"elementor-heading-title elementor-size-default\">Reclamaci\u00f3n ante la Aseguradora de Riesgos Laborales<\/h2>\t\t\t\t<\/div>\n\t\t\t\t<\/div>\n\t\t\t\t<div class=\"elementor-element elementor-element-1e4930d3 ha-has-bg-overlay elementor-widget elementor-widget-heading\" data-id=\"1e4930d3\" data-element_type=\"widget\" data-widget_type=\"heading.default\">\n\t\t\t\t<div class=\"elementor-widget-container\">\n\t\t\t\t\t<h2 class=\"elementor-heading-title elementor-size-default\">Al sufrir un accidente laboral, el empleador debe reportar el mismo a la Aseguradora de Riesgos Laborales, quien tiene a su cargo las obligaciones de: pagar incapacidades m\u00e9dicas, brindar tratamiento m\u00e9dico y reconocer una indemnizaci\u00f3n por incapacidad permanente parcial, la cual consiste en un monto a trav\u00e9s del cual se repara la lesi\u00f3n sufrida por parte del trabajador, en nuestra firma contamos con Abogados especializados expertos en dar tramite a dichas solicitudes, a las calificaciones en cada una de las Juntas Laborales dispuestas por el ordenamiento jur\u00eddico Colombiano, y a su vez, obtener el porcentaje de p\u00e9rdida de capacidad laboral definitivo, con el cual se pueda efectuar la liquidaci\u00f3n que permita la reparaci\u00f3n econ\u00f3mica debida. <\/h2>\t\t\t\t<\/div>\n\t\t\t\t<\/div>\n\t\t\t\t\t<\/div>\n\t\t<\/div>\n\t\t\t\t\t<\/div>\n\t\t<\/section>\n\t\t\t\t<div class=\"elementor-element elementor-element-5a46952d elementor-widget elementor-widget-ha-justified-gallery happy-addon ha-justified-gallery\" data-id=\"5a46952d\" data-element_type=\"widget\" data-settings=\"{&quot;row_height&quot;:{&quot;unit&quot;:&quot;px&quot;,&quot;size&quot;:150,&quot;sizes&quot;:[]},&quot;margins&quot;:{&quot;unit&quot;:&quot;px&quot;,&quot;size&quot;:10,&quot;sizes&quot;:[]},&quot;last_row&quot;:&quot;justify&quot;,&quot;enable_popup&quot;:&quot;yes&quot;}\" data-widget_type=\"ha-justified-gallery.default\">\n\t\t\t\t<div class=\"elementor-widget-container\">\n\t\t\t\t\t\n\t\t<div class=\"ha-justified-grid__wrap hajs-justified-grid\">\n\t\t\t\t\t\t\t<a href=\"#\" data-mfp-src=\"https:\/\/gygasesoriajuridica.com\/website\/wp-content\/uploads\/2022\/08\/accidente-laboral.jpg\" class=\"ha-justified-grid__item ha-js-lightbox __fltr-1\" title=\"\">\n\t\t\t\t\t<img fetchpriority=\"high\" decoding=\"async\" width=\"600\" height=\"600\" src=\"https:\/\/gygasesoriajuridica.com\/website\/wp-content\/uploads\/2022\/08\/accidente-laboral.jpg\" class=\"elementor-animation-grow\" alt=\"\" srcset=\"https:\/\/gygasesoriajuridica.com\/website\/wp-content\/uploads\/2022\/08\/accidente-laboral.jpg 600w, https:\/\/gygasesoriajuridica.com\/website\/wp-content\/uploads\/2022\/08\/accidente-laboral-300x300.jpg 300w, https:\/\/gygasesoriajuridica.com\/website\/wp-content\/uploads\/2022\/08\/accidente-laboral-150x150.jpg 150w\" sizes=\"(max-width: 600px) 100vw, 600px\" \/>\t\t\t\t<\/a>\n\t\t\t\t\t\t\t<a href=\"#\" data-mfp-src=\"https:\/\/gygasesoriajuridica.com\/website\/wp-content\/uploads\/2022\/08\/accidente-laboral3.jpg\" class=\"ha-justified-grid__item ha-js-lightbox __fltr-1\" title=\"\">\n\t\t\t\t\t<img decoding=\"async\" width=\"600\" height=\"600\" src=\"https:\/\/gygasesoriajuridica.com\/website\/wp-content\/uploads\/2022\/08\/accidente-laboral3.jpg\" class=\"elementor-animation-grow\" alt=\"\" srcset=\"https:\/\/gygasesoriajuridica.com\/website\/wp-content\/uploads\/2022\/08\/accidente-laboral3.jpg 600w, https:\/\/gygasesoriajuridica.com\/website\/wp-content\/uploads\/2022\/08\/accidente-laboral3-300x300.jpg 300w, https:\/\/gygasesoriajuridica.com\/website\/wp-content\/uploads\/2022\/08\/accidente-laboral3-150x150.jpg 150w\" sizes=\"(max-width: 600px) 100vw, 600px\" \/>\t\t\t\t<\/a>\n\t\t\t\t\t\t\t<a href=\"#\" data-mfp-src=\"https:\/\/gygasesoriajuridica.com\/website\/wp-content\/uploads\/2022\/08\/accidente-laboral2.jpg\" class=\"ha-justified-grid__item ha-js-lightbox __fltr-1\" title=\"\">\n\t\t\t\t\t<img decoding=\"async\" width=\"600\" height=\"600\" src=\"https:\/\/gygasesoriajuridica.com\/website\/wp-content\/uploads\/2022\/08\/accidente-laboral2.jpg\" class=\"elementor-animation-grow\" alt=\"\" srcset=\"https:\/\/gygasesoriajuridica.com\/website\/wp-content\/uploads\/2022\/08\/accidente-laboral2.jpg 600w, https:\/\/gygasesoriajuridica.com\/website\/wp-content\/uploads\/2022\/08\/accidente-laboral2-300x300.jpg 300w, https:\/\/gygasesoriajuridica.com\/website\/wp-content\/uploads\/2022\/08\/accidente-laboral2-150x150.jpg 150w\" sizes=\"(max-width: 600px) 100vw, 600px\" \/>\t\t\t\t<\/a>\n\t\t\t\t\t<\/div>\n\n\t\t\t\t\t\t<\/div>\n\t\t\t\t<\/div>\n\t\t\t\t<section class=\"has_eae_slider elementor-section elementor-inner-section elementor-element elementor-element-17ea815e elementor-section-boxed elementor-section-height-default elementor-section-height-default elementor-invisible\" data-eae-slider=\"14598\" data-id=\"17ea815e\" data-element_type=\"section\" data-settings=\"{&quot;animation&quot;:&quot;fadeInUp&quot;,&quot;_ha_eqh_enable&quot;:false}\">\n\t\t\t\t\t\t<div class=\"elementor-container elementor-column-gap-default\">\n\t\t\t\t\t<div class=\"has_eae_slider elementor-column elementor-col-100 elementor-inner-column elementor-element elementor-element-59afedd3\" data-eae-slider=\"7840\" data-id=\"59afedd3\" data-element_type=\"column\" data-settings=\"{&quot;background_background&quot;:&quot;classic&quot;}\">\n\t\t\t<div class=\"elementor-widget-wrap elementor-element-populated\">\n\t\t\t\t\t\t<div class=\"elementor-element elementor-element-2c1cdbc7 elementor-widget elementor-widget-heading\" data-id=\"2c1cdbc7\" data-element_type=\"widget\" data-widget_type=\"heading.default\">\n\t\t\t\t<div class=\"elementor-widget-container\">\n\t\t\t\t\t<h2 class=\"elementor-heading-title elementor-size-default\">Recurso de Reposici\u00f3n y en Subsidio Apelaci\u00f3n<\/h2>\t\t\t\t<\/div>\n\t\t\t\t<\/div>\n\t\t\t\t<div class=\"elementor-element elementor-element-f742544 ha-has-bg-overlay elementor-widget elementor-widget-heading\" data-id=\"f742544\" data-element_type=\"widget\" data-widget_type=\"heading.default\">\n\t\t\t\t<div class=\"elementor-widget-container\">\n\t\t\t\t\t<h2 class=\"elementor-heading-title elementor-size-default\">Ante el organo que haya emitido el dictamen de origen o p\u00e9rdida de capacidad laboral respectivo, se interpondr\u00e1 en debido tiempo y debida forma el mencionado recurso, el cual impide que el dictamen emitido quede en firme y permite que el proceso de calificaci\u00f3n sea remitido ante otra entidad que goce de imparcialidad y que en un corto t\u00e9rmino tome una decisi\u00f3n que reemplace la anterior, logrando as\u00ed obtener porcentajes m\u00e1s favorables a los intereses del trabajador. <\/h2>\t\t\t\t<\/div>\n\t\t\t\t<\/div>\n\t\t\t\t\t<\/div>\n\t\t<\/div>\n\t\t\t\t\t<\/div>\n\t\t<\/section>\n\t\t\t\t<div class=\"elementor-element elementor-element-6f255ec3 elementor-widget elementor-widget-ha-justified-gallery happy-addon ha-justified-gallery\" data-id=\"6f255ec3\" data-element_type=\"widget\" data-settings=\"{&quot;row_height&quot;:{&quot;unit&quot;:&quot;px&quot;,&quot;size&quot;:150,&quot;sizes&quot;:[]},&quot;margins&quot;:{&quot;unit&quot;:&quot;px&quot;,&quot;size&quot;:10,&quot;sizes&quot;:[]},&quot;last_row&quot;:&quot;justify&quot;,&quot;enable_popup&quot;:&quot;yes&quot;}\" data-widget_type=\"ha-justified-gallery.default\">\n\t\t\t\t<div class=\"elementor-widget-container\">\n\t\t\t\t\t\n\t\t<div class=\"ha-justified-grid__wrap hajs-justified-grid\">\n\t\t\t\t\t\t\t<a href=\"#\" data-mfp-src=\"https:\/\/gygasesoriajuridica.com\/website\/wp-content\/uploads\/2022\/08\/accidente-laboral5.jpg\" class=\"ha-justified-grid__item ha-js-lightbox __fltr-1\" title=\"\">\n\t\t\t\t\t<img loading=\"lazy\" decoding=\"async\" width=\"600\" height=\"600\" src=\"https:\/\/gygasesoriajuridica.com\/website\/wp-content\/uploads\/2022\/08\/accidente-laboral5.jpg\" class=\"elementor-animation-grow\" alt=\"\" srcset=\"https:\/\/gygasesoriajuridica.com\/website\/wp-content\/uploads\/2022\/08\/accidente-laboral5.jpg 600w, https:\/\/gygasesoriajuridica.com\/website\/wp-content\/uploads\/2022\/08\/accidente-laboral5-300x300.jpg 300w, https:\/\/gygasesoriajuridica.com\/website\/wp-content\/uploads\/2022\/08\/accidente-laboral5-150x150.jpg 150w\" sizes=\"(max-width: 600px) 100vw, 600px\" \/>\t\t\t\t<\/a>\n\t\t\t\t\t\t\t<a href=\"#\" data-mfp-src=\"https:\/\/gygasesoriajuridica.com\/website\/wp-content\/uploads\/2022\/08\/accidente-laboral4.jpg\" class=\"ha-justified-grid__item ha-js-lightbox __fltr-1\" title=\"\">\n\t\t\t\t\t<img loading=\"lazy\" decoding=\"async\" width=\"600\" height=\"600\" src=\"https:\/\/gygasesoriajuridica.com\/website\/wp-content\/uploads\/2022\/08\/accidente-laboral4.jpg\" class=\"elementor-animation-grow\" alt=\"\" srcset=\"https:\/\/gygasesoriajuridica.com\/website\/wp-content\/uploads\/2022\/08\/accidente-laboral4.jpg 600w, https:\/\/gygasesoriajuridica.com\/website\/wp-content\/uploads\/2022\/08\/accidente-laboral4-300x300.jpg 300w, https:\/\/gygasesoriajuridica.com\/website\/wp-content\/uploads\/2022\/08\/accidente-laboral4-150x150.jpg 150w\" sizes=\"(max-width: 600px) 100vw, 600px\" \/>\t\t\t\t<\/a>\n\t\t\t\t\t\t\t<a href=\"#\" data-mfp-src=\"https:\/\/gygasesoriajuridica.com\/website\/wp-content\/uploads\/2022\/08\/accidente-laboral6.jpg\" class=\"ha-justified-grid__item ha-js-lightbox __fltr-1\" title=\"\">\n\t\t\t\t\t<img loading=\"lazy\" decoding=\"async\" width=\"600\" height=\"600\" src=\"https:\/\/gygasesoriajuridica.com\/website\/wp-content\/uploads\/2022\/08\/accidente-laboral6.jpg\" class=\"elementor-animation-grow\" alt=\"\" srcset=\"https:\/\/gygasesoriajuridica.com\/website\/wp-content\/uploads\/2022\/08\/accidente-laboral6.jpg 600w, https:\/\/gygasesoriajuridica.com\/website\/wp-content\/uploads\/2022\/08\/accidente-laboral6-300x300.jpg 300w, https:\/\/gygasesoriajuridica.com\/website\/wp-content\/uploads\/2022\/08\/accidente-laboral6-150x150.jpg 150w\" sizes=\"(max-width: 600px) 100vw, 600px\" \/>\t\t\t\t<\/a>\n\t\t\t\t\t<\/div>\n\n\t\t\t\t\t\t<\/div>\n\t\t\t\t<\/div>\n\t\t\t\t<section class=\"has_eae_slider elementor-section elementor-inner-section elementor-element elementor-element-6870b30f elementor-section-boxed elementor-section-height-default elementor-section-height-default elementor-invisible\" data-eae-slider=\"1476\" data-id=\"6870b30f\" data-element_type=\"section\" data-settings=\"{&quot;animation&quot;:&quot;fadeInUp&quot;,&quot;_ha_eqh_enable&quot;:false}\">\n\t\t\t\t\t\t<div class=\"elementor-container elementor-column-gap-default\">\n\t\t\t\t\t<div class=\"has_eae_slider elementor-column elementor-col-100 elementor-inner-column elementor-element elementor-element-30a903a9\" data-eae-slider=\"70281\" data-id=\"30a903a9\" data-element_type=\"column\" data-settings=\"{&quot;background_background&quot;:&quot;classic&quot;}\">\n\t\t\t<div class=\"elementor-widget-wrap elementor-element-populated\">\n\t\t\t\t\t\t<div class=\"elementor-element elementor-element-300296d6 elementor-widget elementor-widget-heading\" data-id=\"300296d6\" data-element_type=\"widget\" data-widget_type=\"heading.default\">\n\t\t\t\t<div class=\"elementor-widget-container\">\n\t\t\t\t\t<h2 class=\"elementor-heading-title elementor-size-default\">Demanda Ordinaria Laboral<\/h2>\t\t\t\t<\/div>\n\t\t\t\t<\/div>\n\t\t\t\t<div class=\"elementor-element elementor-element-15d006ad ha-has-bg-overlay elementor-widget elementor-widget-heading\" data-id=\"15d006ad\" data-element_type=\"widget\" data-widget_type=\"heading.default\">\n\t\t\t\t<div class=\"elementor-widget-container\">\n\t\t\t\t\t<h2 class=\"elementor-heading-title elementor-size-default\">En los casos en los cuales a pesar de contar con el dictamen de p\u00e9rdida de capacidad laboral en firme que dispone la gravedad de las secuelas sufridas por el trabajador, la Aseguradora de Riesgos Laborales se niegue a efectuar el pago de la indemnizaci\u00f3n a la cual se encuentra obligada, se dispondr\u00e1 del uso de los mecanismos legales que permitan su efectivo cobro, nuestra firma cuenta con Abogados especialistas.<\/h2>\t\t\t\t<\/div>\n\t\t\t\t<\/div>\n\t\t\t\t\t<\/div>\n\t\t<\/div>\n\t\t\t\t\t<\/div>\n\t\t<\/section>\n\t\t\t\t<div class=\"elementor-element elementor-element-344250ca elementor-align-center elementor-widget elementor-widget-button\" data-id=\"344250ca\" data-element_type=\"widget\" data-widget_type=\"button.default\">\n\t\t\t\t<div class=\"elementor-widget-container\">\n\t\t\t\t\t\t\t\t\t<div class=\"elementor-button-wrapper\">\n\t\t\t\t\t<a class=\"elementor-button elementor-button-link elementor-size-sm elementor-animation-grow\" href=\"https:\/\/gygasesoriajuridica.com\/website\/contacto\/\">\n\t\t\t\t\t\t<span class=\"elementor-button-content-wrapper\">\n\t\t\t\t\t\t\t\t\t<span class=\"elementor-button-text\">Contactanos<\/span>\n\t\t\t\t\t<\/span>\n\t\t\t\t\t<\/a>\n\t\t\t\t<\/div>\n\t\t\t\t\t\t\t\t<\/div>\n\t\t\t\t<\/div>\n\t\t\t\t<div class=\"elementor-element elementor-element-6413cea8 elementor-widget elementor-widget-ha-justified-gallery happy-addon ha-justified-gallery\" data-id=\"6413cea8\" data-element_type=\"widget\" data-settings=\"{&quot;row_height&quot;:{&quot;unit&quot;:&quot;px&quot;,&quot;size&quot;:150,&quot;sizes&quot;:[]},&quot;margins&quot;:{&quot;unit&quot;:&quot;px&quot;,&quot;size&quot;:10,&quot;sizes&quot;:[]},&quot;last_row&quot;:&quot;justify&quot;,&quot;enable_popup&quot;:&quot;yes&quot;}\" data-widget_type=\"ha-justified-gallery.default\">\n\t\t\t\t<div class=\"elementor-widget-container\">\n\t\t\t\t\t\n\t\t<div class=\"ha-justified-grid__wrap hajs-justified-grid\">\n\t\t\t\t\t\t\t<a href=\"#\" data-mfp-src=\"https:\/\/gygasesoriajuridica.com\/website\/wp-content\/uploads\/2022\/08\/accidente-laboral9.jpg\" class=\"ha-justified-grid__item ha-js-lightbox __fltr-1\" title=\"\">\n\t\t\t\t\t<img loading=\"lazy\" decoding=\"async\" width=\"600\" height=\"600\" src=\"https:\/\/gygasesoriajuridica.com\/website\/wp-content\/uploads\/2022\/08\/accidente-laboral9.jpg\" class=\"elementor-animation-grow\" alt=\"\" srcset=\"https:\/\/gygasesoriajuridica.com\/website\/wp-content\/uploads\/2022\/08\/accidente-laboral9.jpg 600w, https:\/\/gygasesoriajuridica.com\/website\/wp-content\/uploads\/2022\/08\/accidente-laboral9-300x300.jpg 300w, https:\/\/gygasesoriajuridica.com\/website\/wp-content\/uploads\/2022\/08\/accidente-laboral9-150x150.jpg 150w\" sizes=\"(max-width: 600px) 100vw, 600px\" \/>\t\t\t\t<\/a>\n\t\t\t\t\t\t\t<a href=\"#\" data-mfp-src=\"https:\/\/gygasesoriajuridica.com\/website\/wp-content\/uploads\/2022\/07\/civil_resstalece_2.jpg\" class=\"ha-justified-grid__item ha-js-lightbox __fltr-1\" title=\"\">\n\t\t\t\t\t<img loading=\"lazy\" decoding=\"async\" width=\"600\" height=\"600\" src=\"https:\/\/gygasesoriajuridica.com\/website\/wp-content\/uploads\/2022\/07\/civil_resstalece_2.jpg\" class=\"elementor-animation-grow\" alt=\"\" srcset=\"https:\/\/gygasesoriajuridica.com\/website\/wp-content\/uploads\/2022\/07\/civil_resstalece_2.jpg 600w, https:\/\/gygasesoriajuridica.com\/website\/wp-content\/uploads\/2022\/07\/civil_resstalece_2-300x300.jpg 300w, https:\/\/gygasesoriajuridica.com\/website\/wp-content\/uploads\/2022\/07\/civil_resstalece_2-150x150.jpg 150w\" sizes=\"(max-width: 600px) 100vw, 600px\" \/>\t\t\t\t<\/a>\n\t\t\t\t\t\t\t<a href=\"#\" data-mfp-src=\"https:\/\/gygasesoriajuridica.com\/website\/wp-content\/uploads\/2022\/08\/accidente-laboral10.jpg\" class=\"ha-justified-grid__item ha-js-lightbox __fltr-1\" title=\"\">\n\t\t\t\t\t<img loading=\"lazy\" decoding=\"async\" width=\"600\" height=\"600\" src=\"https:\/\/gygasesoriajuridica.com\/website\/wp-content\/uploads\/2022\/08\/accidente-laboral10.jpg\" class=\"elementor-animation-grow\" alt=\"\" srcset=\"https:\/\/gygasesoriajuridica.com\/website\/wp-content\/uploads\/2022\/08\/accidente-laboral10.jpg 600w, https:\/\/gygasesoriajuridica.com\/website\/wp-content\/uploads\/2022\/08\/accidente-laboral10-300x300.jpg 300w, https:\/\/gygasesoriajuridica.com\/website\/wp-content\/uploads\/2022\/08\/accidente-laboral10-150x150.jpg 150w\" sizes=\"(max-width: 600px) 100vw, 600px\" \/>\t\t\t\t<\/a>\n\t\t\t\t\t<\/div>\n\n\t\t\t\t\t\t<\/div>\n\t\t\t\t<\/div>\n\t\t\t\t\t<\/div>\n\t\t<\/div>\n\t\t\t\t\t<\/div>\n\t\t<\/section>\n\t\t\t\t<\/div>\n\t\t","protected":false},"excerpt":{"rendered":"<p>Derecho Laboral Reclamaci\u00f3n ante la Aseguradora de Riesgos Laborales Al sufrir un accidente laboral, el empleador debe reportar el mismo a la Aseguradora de Riesgos Laborales, quien tiene a su cargo las obligaciones de: pagar incapacidades m\u00e9dicas, brindar tratamiento m\u00e9dico y reconocer una indemnizaci\u00f3n por incapacidad permanente parcial, la cual consiste en un monto a &#8230; <a title=\"Derecho Laboral\" class=\"read-more\" href=\"https:\/\/gygasesoriajuridica.com\/website\/derecho-laboral\/\" aria-label=\"M\u00e1s en Derecho Laboral\">Leer m\u00e1s<\/a><\/p>\n","protected":false},"author":1,"featured_media":0,"parent":0,"menu_order":0,"comment_status":"closed","ping_status":"closed","template":"elementor_header_footer","meta":{"_joinchat":[],"footnotes":""},"class_list":["post-688","page","type-page","status-publish"],"_links":{"self":[{"href":"https:\/\/gygasesoriajuridica.com\/website\/wp-json\/wp\/v2\/pages\/688","targetHints":{"allow":["GET"]}}],"collection":[{"href":"https:\/\/gygasesoriajuridica.com\/website\/wp-json\/wp\/v2\/pages"}],"about":[{"href":"https:\/\/gygasesoriajuridica.com\/website\/wp-json\/wp\/v2\/types\/page"}],"author":[{"embeddable":true,"href":"https:\/\/gygasesoriajuridica.com\/website\/wp-json\/wp\/v2\/users\/1"}],"replies":[{"embeddable":true,"href":"https:\/\/gygasesoriajuridica.com\/website\/wp-json\/wp\/v2\/comments?post=688"}],"version-history":[{"count":31,"href":"https:\/\/gygasesoriajuridica.com\/website\/wp-json\/wp\/v2\/pages\/688\/revisions"}],"predecessor-version":[{"id":820,"href":"https:\/\/gygasesoriajuridica.com\/website\/wp-json\/wp\/v2\/pages\/688\/revisions\/820"}],"wp:attachment":[{"href":"https:\/\/gygasesoriajuridica.com\/website\/wp-json\/wp\/v2\/media?parent=688"}],"curies":[{"name":"wp","href":"https:\/\/api.w.org\/{rel}","templated":true}]}}