{"id":746,"date":"2022-07-29T19:53:03","date_gmt":"2022-07-29T19:53:03","guid":{"rendered":"https:\/\/gygasesoriajuridica.com\/website\/?page_id=746"},"modified":"2022-11-09T00:54:38","modified_gmt":"2022-11-09T00:54:38","slug":"la-firma","status":"publish","type":"page","link":"https:\/\/gygasesoriajuridica.com\/website\/la-firma\/","title":{"rendered":"La firma"},"content":{"rendered":"\t\t<div data-elementor-type=\"wp-page\" data-elementor-id=\"746\" class=\"elementor elementor-746\" data-elementor-settings=\"{&quot;ha_cmc_init_switcher&quot;:&quot;no&quot;}\">\n\t\t\t\t\t\t<section class=\"has_eae_slider elementor-section elementor-top-section elementor-element elementor-element-e1e2db2 elementor-section-height-min-height elementor-section-boxed elementor-section-height-default elementor-section-items-middle\" data-eae-slider=\"98565\" data-id=\"e1e2db2\" data-element_type=\"section\" data-settings=\"{&quot;background_background&quot;:&quot;slideshow&quot;,&quot;background_slideshow_gallery&quot;:[{&quot;id&quot;:772,&quot;url&quot;:&quot;https:\\\/\\\/gygasesoriajuridica.com\\\/website\\\/wp-content\\\/uploads\\\/2022\\\/07\\\/bogota_1.jpg&quot;},{&quot;id&quot;:771,&quot;url&quot;:&quot;https:\\\/\\\/gygasesoriajuridica.com\\\/website\\\/wp-content\\\/uploads\\\/2022\\\/07\\\/villavo.jpg&quot;}],&quot;background_slideshow_ken_burns&quot;:&quot;yes&quot;,&quot;background_slideshow_loop&quot;:&quot;yes&quot;,&quot;background_slideshow_slide_duration&quot;:5000,&quot;background_slideshow_slide_transition&quot;:&quot;fade&quot;,&quot;background_slideshow_transition_duration&quot;:500,&quot;background_slideshow_ken_burns_zoom_direction&quot;:&quot;in&quot;,&quot;_ha_eqh_enable&quot;:false}\">\n\t\t\t\t\t\t\t<div class=\"elementor-background-overlay\"><\/div>\n\t\t\t\t\t\t\t<div class=\"elementor-container elementor-column-gap-default\">\n\t\t\t\t\t<div class=\"has_eae_slider elementor-column elementor-col-100 elementor-top-column elementor-element elementor-element-b38c236\" data-eae-slider=\"96182\" data-id=\"b38c236\" data-element_type=\"column\">\n\t\t\t<div class=\"elementor-widget-wrap elementor-element-populated\">\n\t\t\t\t\t\t<div class=\"elementor-element elementor-element-1797c92a elementor-widget elementor-widget-heading\" data-id=\"1797c92a\" data-element_type=\"widget\" data-widget_type=\"heading.default\">\n\t\t\t\t<div class=\"elementor-widget-container\">\n\t\t\t\t\t<h2 class=\"elementor-heading-title elementor-size-default\">Quienes Somos<\/h2>\t\t\t\t<\/div>\n\t\t\t\t<\/div>\n\t\t\t\t\t<\/div>\n\t\t<\/div>\n\t\t\t\t\t<\/div>\n\t\t<\/section>\n\t\t\t\t<section class=\"has_eae_slider elementor-section elementor-top-section elementor-element elementor-element-4d9b274c elementor-section-height-min-height elementor-section-boxed elementor-section-height-default elementor-section-items-middle\" data-eae-slider=\"10220\" data-id=\"4d9b274c\" data-element_type=\"section\" data-settings=\"{&quot;background_background&quot;:&quot;classic&quot;,&quot;_ha_eqh_enable&quot;:false}\">\n\t\t\t\t\t\t\t<div class=\"elementor-background-overlay\"><\/div>\n\t\t\t\t\t\t\t<div class=\"elementor-container elementor-column-gap-default\">\n\t\t\t\t\t<div class=\"has_eae_slider elementor-column elementor-col-50 elementor-top-column elementor-element elementor-element-1958a503\" data-eae-slider=\"2286\" data-id=\"1958a503\" data-element_type=\"column\">\n\t\t\t<div class=\"elementor-widget-wrap elementor-element-populated\">\n\t\t\t\t\t\t<div class=\"elementor-element elementor-element-1873cc3 ha-has-bg-overlay elementor-widget elementor-widget-heading\" data-id=\"1873cc3\" data-element_type=\"widget\" data-widget_type=\"heading.default\">\n\t\t\t\t<div class=\"elementor-widget-container\">\n\t\t\t\t\t<h2 class=\"elementor-heading-title elementor-size-default\">G&amp;G Asesores Consultores Abogados, es una firma de Abogados que naci\u00f3 en la ciudad de Villavicencio, Meta, donde los Abogados socios fundadores visionaron una empresa que protegiera los derechos de las v\u00edctimas de accidentes de tr\u00e1nsito y de accidentes laborales, ofreciendo el amplio portafolio de acciones legales y extralegales a trav\u00e9s de las que se obtenga la reparaci\u00f3n econ\u00f3mica debida, asesorando inclusive al instante del accidente, esto de manera gratuita y sin compromiso alguno m\u00e1s all\u00e1 de la convicci\u00f3n del servicio social que prestamos y en donde nuestros clientes son el mayor referente del trabajo bien realizado.<\/h2>\t\t\t\t<\/div>\n\t\t\t\t<\/div>\n\t\t\t\t<div class=\"elementor-element elementor-element-14917699 elementor-widget elementor-widget-spacer\" data-id=\"14917699\" data-element_type=\"widget\" data-widget_type=\"spacer.default\">\n\t\t\t\t<div class=\"elementor-widget-container\">\n\t\t\t\t\t\t\t<div class=\"elementor-spacer\">\n\t\t\t<div class=\"elementor-spacer-inner\"><\/div>\n\t\t<\/div>\n\t\t\t\t\t\t<\/div>\n\t\t\t\t<\/div>\n\t\t\t\t\t<\/div>\n\t\t<\/div>\n\t\t\t\t<div class=\"has_eae_slider elementor-column elementor-col-50 elementor-top-column elementor-element elementor-element-3664b08\" data-eae-slider=\"67704\" data-id=\"3664b08\" data-element_type=\"column\">\n\t\t\t<div class=\"elementor-widget-wrap elementor-element-populated\">\n\t\t\t\t\t\t<div class=\"elementor-element elementor-element-e2d2e88 elementor-invisible elementor-widget elementor-widget-image\" data-id=\"e2d2e88\" data-element_type=\"widget\" data-settings=\"{&quot;_animation&quot;:&quot;fadeInRight&quot;}\" data-widget_type=\"image.default\">\n\t\t\t\t<div class=\"elementor-widget-container\">\n\t\t\t\t\t\t\t\t\t\t\t\t\t\t\t<img fetchpriority=\"high\" decoding=\"async\" width=\"1024\" height=\"684\" src=\"https:\/\/gygasesoriajuridica.com\/website\/wp-content\/uploads\/2022\/08\/Asesores-consultores-abogados-19-1024x684.jpg\" class=\"attachment-large size-large wp-image-821\" alt=\"\" srcset=\"https:\/\/gygasesoriajuridica.com\/website\/wp-content\/uploads\/2022\/08\/Asesores-consultores-abogados-19-1024x684.jpg 1024w, https:\/\/gygasesoriajuridica.com\/website\/wp-content\/uploads\/2022\/08\/Asesores-consultores-abogados-19-300x200.jpg 300w, https:\/\/gygasesoriajuridica.com\/website\/wp-content\/uploads\/2022\/08\/Asesores-consultores-abogados-19-768x513.jpg 768w, https:\/\/gygasesoriajuridica.com\/website\/wp-content\/uploads\/2022\/08\/Asesores-consultores-abogados-19-1536x1026.jpg 1536w, https:\/\/gygasesoriajuridica.com\/website\/wp-content\/uploads\/2022\/08\/Asesores-consultores-abogados-19.jpg 1920w\" sizes=\"(max-width: 1024px) 100vw, 1024px\" \/>\t\t\t\t\t\t\t\t\t\t\t\t\t\t\t<\/div>\n\t\t\t\t<\/div>\n\t\t\t\t\t<\/div>\n\t\t<\/div>\n\t\t\t\t\t<\/div>\n\t\t<\/section>\n\t\t\t\t<section class=\"has_eae_slider elementor-section elementor-top-section elementor-element elementor-element-48c17bf elementor-section-height-min-height elementor-section-boxed elementor-section-height-default elementor-section-items-middle\" data-eae-slider=\"34484\" data-id=\"48c17bf\" data-element_type=\"section\" data-settings=\"{&quot;background_background&quot;:&quot;classic&quot;,&quot;_ha_eqh_enable&quot;:false}\">\n\t\t\t\t\t\t\t<div class=\"elementor-background-overlay\"><\/div>\n\t\t\t\t\t\t\t<div class=\"elementor-container elementor-column-gap-default\">\n\t\t\t\t\t<div class=\"has_eae_slider elementor-column elementor-col-50 elementor-top-column elementor-element elementor-element-a1cb960\" data-eae-slider=\"73873\" data-id=\"a1cb960\" data-element_type=\"column\">\n\t\t\t<div class=\"elementor-widget-wrap elementor-element-populated\">\n\t\t\t\t\t\t<div class=\"elementor-element elementor-element-1df1f88 elementor-invisible elementor-widget elementor-widget-image\" data-id=\"1df1f88\" data-element_type=\"widget\" data-settings=\"{&quot;_animation&quot;:&quot;fadeInLeft&quot;}\" data-widget_type=\"image.default\">\n\t\t\t\t<div class=\"elementor-widget-container\">\n\t\t\t\t\t\t\t\t\t\t\t\t\t\t\t<img decoding=\"async\" width=\"1024\" height=\"684\" src=\"https:\/\/gygasesoriajuridica.com\/website\/wp-content\/uploads\/2022\/08\/Asesores-consultores-abogados-11-1024x684.jpg\" class=\"attachment-large size-large wp-image-822\" alt=\"\" srcset=\"https:\/\/gygasesoriajuridica.com\/website\/wp-content\/uploads\/2022\/08\/Asesores-consultores-abogados-11-1024x684.jpg 1024w, https:\/\/gygasesoriajuridica.com\/website\/wp-content\/uploads\/2022\/08\/Asesores-consultores-abogados-11-300x200.jpg 300w, https:\/\/gygasesoriajuridica.com\/website\/wp-content\/uploads\/2022\/08\/Asesores-consultores-abogados-11-768x513.jpg 768w, https:\/\/gygasesoriajuridica.com\/website\/wp-content\/uploads\/2022\/08\/Asesores-consultores-abogados-11-1536x1026.jpg 1536w, https:\/\/gygasesoriajuridica.com\/website\/wp-content\/uploads\/2022\/08\/Asesores-consultores-abogados-11.jpg 1920w\" sizes=\"(max-width: 1024px) 100vw, 1024px\" \/>\t\t\t\t\t\t\t\t\t\t\t\t\t\t\t<\/div>\n\t\t\t\t<\/div>\n\t\t\t\t<div class=\"elementor-element elementor-element-e39aa9d elementor-widget elementor-widget-spacer\" data-id=\"e39aa9d\" data-element_type=\"widget\" data-widget_type=\"spacer.default\">\n\t\t\t\t<div class=\"elementor-widget-container\">\n\t\t\t\t\t\t\t<div class=\"elementor-spacer\">\n\t\t\t<div class=\"elementor-spacer-inner\"><\/div>\n\t\t<\/div>\n\t\t\t\t\t\t<\/div>\n\t\t\t\t<\/div>\n\t\t\t\t\t<\/div>\n\t\t<\/div>\n\t\t\t\t<div class=\"has_eae_slider elementor-column elementor-col-50 elementor-top-column elementor-element elementor-element-92c9efd\" data-eae-slider=\"36504\" data-id=\"92c9efd\" data-element_type=\"column\">\n\t\t\t<div class=\"elementor-widget-wrap elementor-element-populated\">\n\t\t\t\t\t\t<div class=\"elementor-element elementor-element-5bb8270 elementor-widget elementor-widget-spacer\" data-id=\"5bb8270\" data-element_type=\"widget\" data-widget_type=\"spacer.default\">\n\t\t\t\t<div class=\"elementor-widget-container\">\n\t\t\t\t\t\t\t<div class=\"elementor-spacer\">\n\t\t\t<div class=\"elementor-spacer-inner\"><\/div>\n\t\t<\/div>\n\t\t\t\t\t\t<\/div>\n\t\t\t\t<\/div>\n\t\t\t\t<div class=\"elementor-element elementor-element-108b49e ha-has-bg-overlay elementor-widget elementor-widget-heading\" data-id=\"108b49e\" data-element_type=\"widget\" data-widget_type=\"heading.default\">\n\t\t\t\t<div class=\"elementor-widget-container\">\n\t\t\t\t\t<h2 class=\"elementor-heading-title elementor-size-default\">A su vez, quisimos ampliar nuestra oferta al tramite de demandas contra el Estado Colombiano, a favor de los soldados que prestan el servicio militar obligatorio, quienes en algunas, sino muchas ocasiones sufren lesiones personales permanentes en cumplimiento de las labores que les son encomendadas y aun cuando estan cumpliendo con un deber legal, no son reparados integralmente, obteniendo entonces a trav\u00e9s de los mecanismos legales las indemnizaciones a las que realmente tienen derecho<\/h2>\t\t\t\t<\/div>\n\t\t\t\t<\/div>\n\t\t\t\t\t<\/div>\n\t\t<\/div>\n\t\t\t\t\t<\/div>\n\t\t<\/section>\n\t\t\t\t<section class=\"has_eae_slider elementor-section elementor-top-section elementor-element elementor-element-750f9a8 elementor-section-height-min-height elementor-section-boxed elementor-section-height-default elementor-section-items-middle\" data-eae-slider=\"9553\" data-id=\"750f9a8\" data-element_type=\"section\" data-settings=\"{&quot;background_background&quot;:&quot;classic&quot;,&quot;_ha_eqh_enable&quot;:false}\">\n\t\t\t\t\t\t\t<div class=\"elementor-background-overlay\"><\/div>\n\t\t\t\t\t\t\t<div class=\"elementor-container elementor-column-gap-default\">\n\t\t\t\t\t<div class=\"has_eae_slider elementor-column elementor-col-100 elementor-top-column elementor-element elementor-element-ef41497\" data-eae-slider=\"63739\" data-id=\"ef41497\" data-element_type=\"column\">\n\t\t\t<div class=\"elementor-widget-wrap elementor-element-populated\">\n\t\t\t\t\t\t<div class=\"elementor-element elementor-element-1f04c9b ha-has-bg-overlay elementor-widget elementor-widget-heading\" data-id=\"1f04c9b\" data-element_type=\"widget\" data-widget_type=\"heading.default\">\n\t\t\t\t<div class=\"elementor-widget-container\">\n\t\t\t\t\t<h2 class=\"elementor-heading-title elementor-size-default\">Aunado a lo anterior, nuestra firma ampli\u00f3 sus servicios a la asesor\u00eda jur\u00eddica para los Docentes, quienes a pesar de su nombramiento y sus derechos legalmente reconocidos, encuentran ante la solicitud de pago de las Cesant\u00edas, un t\u00e9rmino de dilaci\u00f3n injustificado para obtener respuesta, t\u00e9rmino que se debe traducir en intereses legales y sanciones dispuestas en raz\u00f3n al pago tard\u00edo, por lo cual contamos con Abogados especialistas que proceden a iniciar los tramites legales que permiten que se pague efectivamente la reparaci\u00f3n pertinente por el t\u00e9rmino injustificado de no pago.<\/h2>\t\t\t\t<\/div>\n\t\t\t\t<\/div>\n\t\t\t\t\t<\/div>\n\t\t<\/div>\n\t\t\t\t\t<\/div>\n\t\t<\/section>\n\t\t\t\t<section class=\"has_eae_slider elementor-section elementor-top-section elementor-element elementor-element-0068ed8 elementor-section-height-min-height elementor-section-boxed elementor-section-height-default elementor-section-items-middle\" data-eae-slider=\"62094\" data-id=\"0068ed8\" data-element_type=\"section\" data-settings=\"{&quot;background_background&quot;:&quot;classic&quot;,&quot;_ha_eqh_enable&quot;:false}\">\n\t\t\t\t\t\t\t<div class=\"elementor-background-overlay\"><\/div>\n\t\t\t\t\t\t\t<div class=\"elementor-container elementor-column-gap-default\">\n\t\t\t\t\t<div class=\"has_eae_slider elementor-column elementor-col-100 elementor-top-column elementor-element elementor-element-bdb44ae\" data-eae-slider=\"23085\" data-id=\"bdb44ae\" data-element_type=\"column\">\n\t\t\t<div class=\"elementor-widget-wrap elementor-element-populated\">\n\t\t\t\t\t\t<div class=\"elementor-element elementor-element-ba667b0 ha-has-bg-overlay elementor-widget elementor-widget-heading\" data-id=\"ba667b0\" data-element_type=\"widget\" data-widget_type=\"heading.default\">\n\t\t\t\t<div class=\"elementor-widget-container\">\n\t\t\t\t\t<h2 class=\"elementor-heading-title elementor-size-default\">En la actualidad tenemos presencia en la ciudad de Villavicencio, Bogot\u00e1 D.C., y Medell\u00edn. contando con un equipo de trabajo debidamente capacitado para asesorar y explicar los derechos que nuestros clientes tienen, nuestros a\u00f1os de trayectoria y clientes satisfechos se han convertido en nuestro mayor respaldo y la amplia acogida en redes sociales como facebook nos permite dar tramite a procesos en todo el Pa\u00eds.<\/h2>\t\t\t\t<\/div>\n\t\t\t\t<\/div>\n\t\t\t\t<div class=\"elementor-element elementor-element-682248a elementor-widget elementor-widget-spacer\" data-id=\"682248a\" data-element_type=\"widget\" data-widget_type=\"spacer.default\">\n\t\t\t\t<div class=\"elementor-widget-container\">\n\t\t\t\t\t\t\t<div class=\"elementor-spacer\">\n\t\t\t<div class=\"elementor-spacer-inner\"><\/div>\n\t\t<\/div>\n\t\t\t\t\t\t<\/div>\n\t\t\t\t<\/div>\n\t\t\t\t\t<\/div>\n\t\t<\/div>\n\t\t\t\t\t<\/div>\n\t\t<\/section>\n\t\t\t\t<\/div>\n\t\t","protected":false},"excerpt":{"rendered":"<p>Quienes Somos G&#038;G Asesores Consultores Abogados, es una firma de Abogados que naci\u00f3 en la ciudad de Villavicencio, Meta, donde los Abogados socios fundadores visionaron una empresa que protegiera los derechos de las v\u00edctimas de accidentes de tr\u00e1nsito y de accidentes laborales, ofreciendo el amplio portafolio de acciones legales y extralegales a trav\u00e9s de las &#8230; <a title=\"La firma\" class=\"read-more\" href=\"https:\/\/gygasesoriajuridica.com\/website\/la-firma\/\" aria-label=\"M\u00e1s en La firma\">Leer m\u00e1s<\/a><\/p>\n","protected":false},"author":1,"featured_media":0,"parent":0,"menu_order":0,"comment_status":"closed","ping_status":"closed","template":"elementor_header_footer","meta":{"_joinchat":[],"footnotes":""},"class_list":["post-746","page","type-page","status-publish"],"_links":{"self":[{"href":"https:\/\/gygasesoriajuridica.com\/website\/wp-json\/wp\/v2\/pages\/746","targetHints":{"allow":["GET"]}}],"collection":[{"href":"https:\/\/gygasesoriajuridica.com\/website\/wp-json\/wp\/v2\/pages"}],"about":[{"href":"https:\/\/gygasesoriajuridica.com\/website\/wp-json\/wp\/v2\/types\/page"}],"author":[{"embeddable":true,"href":"https:\/\/gygasesoriajuridica.com\/website\/wp-json\/wp\/v2\/users\/1"}],"replies":[{"embeddable":true,"href":"https:\/\/gygasesoriajuridica.com\/website\/wp-json\/wp\/v2\/comments?post=746"}],"version-history":[{"count":47,"href":"https:\/\/gygasesoriajuridica.com\/website\/wp-json\/wp\/v2\/pages\/746\/revisions"}],"predecessor-version":[{"id":940,"href":"https:\/\/gygasesoriajuridica.com\/website\/wp-json\/wp\/v2\/pages\/746\/revisions\/940"}],"wp:attachment":[{"href":"https:\/\/gygasesoriajuridica.com\/website\/wp-json\/wp\/v2\/media?parent=746"}],"curies":[{"name":"wp","href":"https:\/\/api.w.org\/{rel}","templated":true}]}}